{"id":6342,"date":"2026-03-07T13:42:00","date_gmt":"2026-03-07T13:42:00","guid":{"rendered":"https:\/\/companylux.pl\/?post_type=product&#038;p=6342"},"modified":"2026-03-07T13:42:00","modified_gmt":"2026-03-07T13:42:00","slug":"rower-elektryczny-gx-max","status":"publish","type":"product","link":"https:\/\/companylux.pl\/index.php\/produkt\/rower-elektryczny-gx-max\/","title":{"rendered":"Rower Elektryczny GX Max"},"content":{"rendered":"<h3>SPECYFIKACJA TECHNICZNA<\/h3>\n<p class=\"first:mt-1.5!\">Rama: Aluminium 6061 T6\/T4<br \/>\nRozmiar: 20&#8243;cali (50mm)<br \/>\nWidelec: Stalowy<br \/>\nMostek: Alloy LYDT 25,4 mm \/100 mm &#8211; Regulowany<br \/>\nKierownica: Alloy 680 mm x 25.4mm<br \/>\nKo\u0142o: 28&#8243; podw\u00f3jne; Szprychowe 13G\/14G<br \/>\nOpony: 700x35C ( 37-622) Kenda<br \/>\nHamulce: Tarczowe mechaniczne 160mm\/ 6 \u015brub<br \/>\nPrzerzutka: Shimano Tourney TY-300 7S<br \/>\nD\u017awignia przerzutki: Shimano Tourney TX-30 7S<br \/>\nKaseta\/Wolnobieg: Shimano MF-TZ500 14-28T 7S<br \/>\nKorba: 42T\/170mm<br \/>\nSuport: Kenli 68x122mm<br \/>\n\u0141a\u0144cuch: TAYA 1\/2&#8243; x 3\/32&#8243; (116L)<br \/>\nUchwyty: Standard z kolorowymi zaciskami<br \/>\nSiod\u0142o: Rozmiar 27&#215;23,5cm, spr\u0119\u017cynowe<br \/>\nSztyca siod\u0142a: Alloy 30.8\/ 350mm<br \/>\nMax. obci\u0105\u017cenie: 120kg<br \/>\nWaga: 23 kg<\/p>\n<h3>SYSTEM E-BIKE<\/h3>\n<p class=\"first:mt-1.5!\">Typ Ebike: Silnik w tylnej pia\u015bcie<br \/>\nNapi\u0119cie: 36VDC<br \/>\nMoment obrotowy: 40Nm<br \/>\nZasi\u0119g: Do 70km<br \/>\nMoc silnika: 250W<br \/>\nPr\u0119dko\u015b\u0107: 25km\/h wed\u0142ug<\/p>\n<h3>SPECYFIKACJA ELEKTRYCZNA<\/h3>\n<p class=\"first:mt-1.5!\">Silnik: MXUS XF-08<br \/>\nTyp silnika: Bezszczotkowy BLDC z czujnikiem Halla<br \/>\nBateri -36V: Litowo-jonowa<br \/>\nZarz\u0105dznie bateri\u0105: BMS with protection<br \/>\nPojemno\u015b\u0107 Ah: 10Ah (opcja 14Ah-17Ah)<br \/>\nMarka ogniw: EVE 18650\/2600mA<br \/>\n\u017bywotno\u015b\u0107: 500-700 \u0142adowa\u0144<br \/>\nKonfiguracja baterii: Blokowana<br \/>\nKontroler: FOC 36V\/48V<br \/>\n\u0141adowarka: 42V\/ 2A \/ D-tyo &#8211; 5.5mm x 2.1 mm<br \/>\nCzas \u0142adowania: 4-5 godzin<br \/>\nWy\u015bwietlacz: LCD-Kolorowy<br \/>\nO\u015bwietlenie Prz\u00f3d\/ Ty\u0142: LED 36V ; 3W\/300Lux ; 0,3W\/20Lux<br \/>\nCzujnik wspomagania &#8222;PAS&#8221;: Lewostronny -12 sygna\u0142\u00f3w<br \/>\nZ\u0142\u0105czki kabli elektrycznych: Wodoodporne<\/p>\n<h3>WY\u015aWIETLACZ<\/h3>\n<p class=\"first:mt-1.5!\">Typ\/Model: YL-61F LCD\/ kolorowy<br \/>\nRozmiar ekranu LCD: 2,95&#8243;<br \/>\nIlo\u015b\u0107 stopni wspomagania: 5 poziom\u00f3w<br \/>\nWska\u017anik pr\u0119dko\u015bci: Tak, km\/h<br \/>\nInforacje dot. przebiegu: Licznik og\u00f3lny\/ wycieczki (TRIP)<br \/>\nFunkcja &#8222;Walk Assist&#8221;: Tak; 6km\/h<br \/>\nInformacje dot. baterii: Pojemno\u015b\u0107 100% do 25% \/ 5 segment\u00f3w<\/p>\n","protected":false},"excerpt":{"rendered":"<p>Rower Elektryczny GX Max<\/p>\n<p>Dost\u0119pne kolory czarny, bia\u0142y, czerwony, niebieski. W informacji pozakupowej, prosz\u0119 napisa\u0107 jaki kolor.<\/p>\n<p>&nbsp;<\/p>\n","protected":false},"featured_media":6334,"template":"","meta":[],"product_brand":[],"product_cat":[22],"product_tag":[],"class_list":{"0":"post-6342","1":"product","2":"type-product","3":"status-publish","4":"has-post-thumbnail","6":"product_cat-rowery-elektryczne","8":"first","9":"instock","10":"shipping-taxable","11":"purchasable","12":"product-type-simple"},"_links":{"self":[{"href":"https:\/\/companylux.pl\/index.php\/wp-json\/wp\/v2\/product\/6342","targetHints":{"allow":["GET"]}}],"collection":[{"href":"https:\/\/companylux.pl\/index.php\/wp-json\/wp\/v2\/product"}],"about":[{"href":"https:\/\/companylux.pl\/index.php\/wp-json\/wp\/v2\/types\/product"}],"wp:featuredmedia":[{"embeddable":true,"href":"https:\/\/companylux.pl\/index.php\/wp-json\/wp\/v2\/media\/6334"}],"wp:attachment":[{"href":"https:\/\/companylux.pl\/index.php\/wp-json\/wp\/v2\/media?parent=6342"}],"wp:term":[{"taxonomy":"product_brand","embeddable":true,"href":"https:\/\/companylux.pl\/index.php\/wp-json\/wp\/v2\/product_brand?post=6342"},{"taxonomy":"product_cat","embeddable":true,"href":"https:\/\/companylux.pl\/index.php\/wp-json\/wp\/v2\/product_cat?post=6342"},{"taxonomy":"product_tag","embeddable":true,"href":"https:\/\/companylux.pl\/index.php\/wp-json\/wp\/v2\/product_tag?post=6342"}],"curies":[{"name":"wp","href":"https:\/\/api.w.org\/{rel}","templated":true}]}}