{"id":6243,"date":"2026-02-24T11:45:22","date_gmt":"2026-02-24T11:45:22","guid":{"rendered":"http:\/\/companylux.pl\/?post_type=product&#038;p=6243"},"modified":"2026-02-24T12:15:49","modified_gmt":"2026-02-24T12:15:49","slug":"esperanza-eka001","status":"publish","type":"product","link":"https:\/\/companylux.pl\/index.php\/produkt\/esperanza-eka001\/","title":{"rendered":"Esperanza EKA001"},"content":{"rendered":"<article class=\"full-description\">\n<div class=\"lnd_article-main lnd_article-72ee8 lnd_basic\" data-articles-version=\"7.0.0.0\">\n<div id=\"0c34812fb0f9412783f8a8c57135a271\" class=\"lnd_object lnd_matrix lnd_text-only lnd_right lnd_bg-middle-center lnd_h-auto\">\n<div class=\"lnd_wrapper\">\n<div class=\"lnd_grid-items\">\n<div class=\"js_content_paragraph lnd_card lnd_text-only lnd_col-12 \">\n<div class=\"lnd_text lnd_col-6\">\n<div class=\"lnd_content\">\n<h2 style=\"text-align: left;\">ESPERANZA FRYTKOWNICA BEZT\u0141USZCZOWA BISTECCA ALLA GRIGLIA 2.6L<\/h2>\n<p>Nasza frytkownica to zaawansowane urz\u0105dzenie, kt\u00f3re odmieni Tw\u00f3j spos\u00f3b gotowania. Dzi\u0119ki technologii cyrkulacji gor\u0105cego powietrza przygotujesz smaczne jedzenie \u2013 bez dodatku t\u0142uszczu i bez kompromis\u00f3w w smaku.<\/p>\n<h2>Fytkownica bezt\u0142uszczowa Esperanza BISTECCA ALLA GRIGLIA to nowoczesne i praktyczne urz\u0105dzenie, kt\u00f3re pozwoli Ci przygotowa\u0107 ulubione sma\u017cone potrawy w zdrowszy spos\u00f3b \u2013 bez u\u017cycia t\u0142uszczu.<\/h2>\n<h2>Dzi\u0119ki technologii cyrkulacji gor\u0105cego powietrza potrawy s\u0105 r\u00f3wnomiernie przypieczone, chrupi\u0105ce na zewn\u0105trz i soczyste w \u015brodku.<\/h2>\n<h2>Urz\u0105dzenie idealnie sprawdzi si\u0119 do przygotowania frytek, mi\u0119sa, warzyw czy przek\u0105sek \u2013 szybko, wygodnie i z minimalnym wysi\u0142kiem.<\/h2>\n<h2>Kompaktowa forma oraz estetyczny design sprawiaj\u0105, \u017ce frytkownica doskonale pasuje do ka\u017cdej kuchni.<\/h2>\n<h2>Regulowana temperatura oraz 60-minutowy timer umo\u017cliwiaj\u0105 precyzyjne ustawienie parametr\u00f3w pieczenia.<\/h2>\n<h2>Stabilno\u015b\u0107 urz\u0105dzenia zapewniaj\u0105 antypo\u015blizgowe n\u00f3\u017cki, a jego obs\u0142uga jest intuicyjna i przyjazna dla ka\u017cdego u\u017cytkownika.<\/h2>\n<h2>To niezawodny sprz\u0119t do codziennego gotowania bez kompromis\u00f3w.<\/h2>\n<p><b>Kompaktowa i funkcjonalna frytkownica bezt\u0142uszczowa do Twojej kuchni<\/b><\/p>\n<\/div>\n<div class=\"lnd_action\"><\/div>\n<\/div>\n<\/div>\n<\/div>\n<\/div>\n<\/div>\n<div id=\"8d85f2c2b24f424380cf826f7cb31cf1\" class=\"lnd_object lnd_matrix lnd_text-only lnd_left lnd_bg-middle-center lnd_h-auto\">\n<div class=\"lnd_tint\"><\/div>\n<div class=\"lnd_wrapper\">\n<div class=\"lnd_grid-items\">\n<div class=\"js_content_paragraph lnd_card lnd_col-12 \">\n<div class=\"lnd_media lnd_ie-bug-flex lnd_col-6\">\n<div class=\"lnd_media__img-wrapper\"><img decoding=\"async\" class=\"\" src=\"https:\/\/image.ceneostatic.pl\/data\/products\/185658210\/a367ae1a-66d3-4a20-ad6a-65f440837860_p-esperanza-eka001.jpg\" alt=\"Esperanza EKA001 - zdj\u0119cie 2\" \/><\/div>\n<\/div>\n<div class=\"lnd_text lnd_col-6\">\n<div class=\"lnd_content\">\n<h2>ZDROWE SMA\u017bENIE BEZ T\u0141USZCZU<\/h2>\n<h2>PROSTA OBS\u0141UGA I REGULACJA TEMPERATURY<\/h2>\n<h2>NOWOCZESNY DESIGN I PRAKTYCZNA FORMA<\/h2>\n<h3>Specyfikacja techniczna<\/h3>\n<ul>\n<li>Zakres napi\u0119cia znamionowego: 220\u2212240 V<\/li>\n<li>Cz\u0119stotliwo\u015b\u0107 znamionowa: 50\/60 Hz<\/li>\n<li>Stopie\u0144 ochrony: I<\/li>\n<li>Pob\u00f3r mocy: 1000 W<\/li>\n<li>Minutnik: 0 &#8211; 60 minut<\/li>\n<li>Temperatura: 80\u00b0C &#8211; 200\u00b0C<\/li>\n<li>N\u00f3\u017cki gumowe antypo\u015blizgowe<\/li>\n<li>Pojemno\u015b\u0107 pojemnika do sma\u017cenia: 2.6 l<\/li>\n<li>D\u0142ugo\u015b\u0107 kabla zasilaj\u0105cego (widoczna): 90 cm<\/li>\n<li>Wymiary produktu (d\u0142. x szer. x wys.): 30.0 x 22.0 x 28.8 [cm]<\/li>\n<\/ul>\n<\/div>\n<div class=\"lnd_action\">POR\u00d3WNAJ PRODUKTY<\/div>\n<\/div>\n<\/div>\n<\/div>\n<\/div>\n<\/div>\n<\/div>\n<\/article>\n<div id=\"product-specification\" class=\"full-specs\" data-productid=\"185658210\">\n<section id=\"productTechSpecs\" class=\"product-spec\">\n<table class=\"product-spec__group__attributes\">\n<tbody class=\"product-spec__group\">\n<tr>\n<th class=\"product-spec__group__header\" colspan=\"2\">\n<h3>Podstawowe informacje<\/h3>\n<\/th>\n<\/tr>\n<tr class=\"product-spec__group__attributes__row\">\n<td class=\"product-spec__group__attributes__row__name\">Marka<\/td>\n<td class=\"product-spec__group__attributes__row__value\"><a class=\"link--accent\" href=\"https:\/\/www.ceneo.pl\/Frytkownice\/p:Esperanza.htm\">Esperanza<\/a><\/td>\n<\/tr>\n<tr class=\"product-spec__group__attributes__row\">\n<td class=\"product-spec__group__attributes__row__name\">Model<\/td>\n<td class=\"product-spec__group__attributes__row__value\">EKA001<\/td>\n<\/tr>\n<tr class=\"product-spec__group__attributes__row\">\n<td class=\"product-spec__group__attributes__row__name\">Typ<\/td>\n<td class=\"product-spec__group__attributes__row__value\">Airfryer<\/td>\n<\/tr>\n<tr class=\"product-spec__group__attributes__row\">\n<td class=\"product-spec__group__attributes__row__name\">Moc<\/td>\n<td class=\"product-spec__group__attributes__row__value\">1000 W<\/td>\n<\/tr>\n<tr class=\"product-spec__group__attributes__row\">\n<td class=\"product-spec__group__attributes__row__name\">Pojemno\u015b\u0107<\/td>\n<td class=\"product-spec__group__attributes__row__value\">2,6 l<\/td>\n<\/tr>\n<tr class=\"product-spec__group__attributes__row\">\n<td class=\"product-spec__group__attributes__row__name\">Pojemno\u015b\u0107 koszyka<\/td>\n<td class=\"product-spec__group__attributes__row__value\">2,6 kg<\/td>\n<\/tr>\n<tr class=\"product-spec__group__attributes__row\">\n<td class=\"product-spec__group__attributes__row__name\">Funkcje<\/td>\n<td class=\"product-spec__group__attributes__row__value\">Regulacja temperatury, Timer<\/td>\n<\/tr>\n<tr class=\"product-spec__group__attributes__row\">\n<td class=\"product-spec__group__attributes__row__name\">Kolor<\/td>\n<td class=\"product-spec__group__attributes__row__value\">Czarne<\/td>\n<\/tr>\n<tr>\n<td colspan=\"2\">\n<div class=\"text-center link--accent\">\n<div><small>Z<\/small><\/div>\n<\/div>\n<\/td>\n<\/tr>\n<\/tbody>\n<tbody class=\"product-spec__group\">\n<tr>\n<th class=\"product-spec__group__header\" colspan=\"2\">\n<h3>Fizyczne<\/h3>\n<\/th>\n<\/tr>\n<tr class=\"product-spec__group__attributes__row\">\n<td class=\"product-spec__group__attributes__row__name\">Szeroko\u015b\u0107<\/td>\n<td class=\"product-spec__group__attributes__row__value\">22 cm<\/td>\n<\/tr>\n<tr class=\"product-spec__group__attributes__row\">\n<td class=\"product-spec__group__attributes__row__name\">Wysoko\u015b\u0107<\/td>\n<td class=\"product-spec__group__attributes__row__value\">28,8 cm<\/td>\n<\/tr>\n<tr class=\"product-spec__group__attributes__row\">\n<td class=\"product-spec__group__attributes__row__name\">G\u0142\u0119boko\u015b\u0107<\/td>\n<td class=\"product-spec__group__attributes__row__value\">30 cm<\/td>\n<\/tr>\n<tr class=\"product-spec__group__attributes__row\">\n<td class=\"product-spec__group__attributes__row__name\">Waga<\/td>\n<td class=\"product-spec__group__attributes__row__value\">3 kg<\/td>\n<\/tr>\n<\/tbody>\n<tbody class=\"product-spec__group\">\n<tr>\n<th class=\"product-spec__group__header\" colspan=\"2\">\n<h3>Techniczne<\/h3>\n<\/th>\n<\/tr>\n<tr class=\"product-spec__group__attributes__row\">\n<td class=\"product-spec__group__attributes__row__name\">Komunikacja<\/td>\n<td class=\"product-spec__group__attributes__row__value\">Lampka kontrolna, Sygna\u0142 d\u017awi\u0119kowy, Wska\u017anik pracy<\/td>\n<\/tr>\n<tr class=\"product-spec__group__attributes__row\">\n<td class=\"product-spec__group__attributes__row__name\">Bezpiecze\u0144stwo<\/td>\n<td class=\"product-spec__group__attributes__row__value\">Automatyczny wy\u0142\u0105cznik, Nienagrzewaj\u0105ce si\u0119 uchwyty, Nieprzywieraj\u0105ca pow\u0142oka, N\u00f3\u017cki antypo\u015blizgowe, Zabezpieczenie przed przegrzaniem<\/td>\n<\/tr>\n<\/tbody>\n<\/table>\n<footer class=\"full-specs-footer\">\n<div class=\"link--accent d-flex justify-content-center\" data-productid=\"185658210\">\n<div class=\"js_report-abuse report-abuse cursor-pointer\" role=\"button\" data-report-type=\"14\"><\/div>\n<\/div>\n<\/footer>\n<\/section>\n<\/div>\n","protected":false},"excerpt":{"rendered":"<p>ESPERANZA FRYTKOWNICA BEZT\u0141USZCZOWA BISTECCA ALLA GRIGLIA 2.6L Nasza frytkownica to zaawansowane urz\u0105dzenie, kt\u00f3re odmieni Tw\u00f3j spos\u00f3b gotowania. Dzi\u0119ki technologii cyrkulacji gor\u0105cego powietrza przygotujesz smaczne jedzenie \u2013 bez dodatku t\u0142uszczu i bez kompromis\u00f3w w smaku. Fytkownica bezt\u0142uszczowa Esperanza BISTECCA ALLA GRIGLIA to nowoczesne i praktyczne urz\u0105dzenie, kt\u00f3re pozwoli Ci przygotowa\u0107 ulubione sma\u017cone potrawy w zdrowszy spos\u00f3b [&hellip;]<\/p>\n","protected":false},"featured_media":6247,"template":"","meta":[],"product_brand":[],"product_cat":[18],"product_tag":[],"class_list":{"0":"post-6243","1":"product","2":"type-product","3":"status-publish","4":"has-post-thumbnail","6":"product_cat-urzadzenia-agd","8":"first","9":"instock","10":"shipping-taxable","11":"purchasable","12":"product-type-simple"},"_links":{"self":[{"href":"https:\/\/companylux.pl\/index.php\/wp-json\/wp\/v2\/product\/6243","targetHints":{"allow":["GET"]}}],"collection":[{"href":"https:\/\/companylux.pl\/index.php\/wp-json\/wp\/v2\/product"}],"about":[{"href":"https:\/\/companylux.pl\/index.php\/wp-json\/wp\/v2\/types\/product"}],"wp:featuredmedia":[{"embeddable":true,"href":"https:\/\/companylux.pl\/index.php\/wp-json\/wp\/v2\/media\/6247"}],"wp:attachment":[{"href":"https:\/\/companylux.pl\/index.php\/wp-json\/wp\/v2\/media?parent=6243"}],"wp:term":[{"taxonomy":"product_brand","embeddable":true,"href":"https:\/\/companylux.pl\/index.php\/wp-json\/wp\/v2\/product_brand?post=6243"},{"taxonomy":"product_cat","embeddable":true,"href":"https:\/\/companylux.pl\/index.php\/wp-json\/wp\/v2\/product_cat?post=6243"},{"taxonomy":"product_tag","embeddable":true,"href":"https:\/\/companylux.pl\/index.php\/wp-json\/wp\/v2\/product_tag?post=6243"}],"curies":[{"name":"wp","href":"https:\/\/api.w.org\/{rel}","templated":true}]}}