{"id":6062,"date":"2025-03-02T17:29:51","date_gmt":"2025-03-02T17:29:51","guid":{"rendered":"http:\/\/companylux.pl\/?post_type=product&#038;p=6062"},"modified":"2026-03-02T12:47:59","modified_gmt":"2026-03-02T12:47:59","slug":"mata-masujaca","status":"publish","type":"product","link":"https:\/\/companylux.pl\/index.php\/produkt\/mata-masujaca\/","title":{"rendered":"Mata masuj\u0105ca"},"content":{"rendered":"","protected":false},"excerpt":{"rendered":"<p>Mata masuj\u0105ca to urz\u0105dzenie do masa\u017cu, kt\u00f3re sk\u0142ada si\u0119 z zestawu kul masuj\u0105cych zamontowanych na elastycznej podk\u0142adce. Dzi\u0119ki temu, \u017ce mata jest lekka i przeno\u015bna, mo\u017cna j\u0105 wykorzysta\u0107 do masa\u017cu praktycznie w ka\u017cdym miejscu \u2013 w domu, w biurze, a nawet na wakacjach. Kulki masuj\u0105ce stymuluj\u0105 sk\u00f3r\u0119, mi\u0119\u015bnie i tkanki, co pomaga z\u0142agodzi\u0107 b\u00f3l mi\u0119\u015bniowy, poprawi\u0107 kr\u0105\u017cenie krwi i redukowa\u0107 stres. Mata masuj\u0105ca jest idealna dla os\u00f3b, kt\u00f3re sp\u0119dzaj\u0105 du\u017co czasu w pozycji siedz\u0105cej lub stoj\u0105cej, a tak\u017ce dla sportowc\u00f3w, kt\u00f3rzy potrzebuj\u0105 szybkiego rozlu\u017anienia mi\u0119\u015bni po treningu.<\/p>\n<p>Mata masuj\u0105ca to idealne rozwi\u0105zanie dla os\u00f3b cierpi\u0105cych na b\u00f3le mi\u0119\u015bni i staw\u00f3w, a tak\u017ce dla tych, kt\u00f3rzy chc\u0105 zrelaksowa\u0107 swoje cia\u0142o po ci\u0119\u017ckim dniu pracy. Jest to prosta w obs\u0142udze i praktyczna metoda terapii, kt\u00f3ra mo\u017ce by\u0107 stosowana w domu, w biurze, a nawet w samochodzie. Maty masuj\u0105ce s\u0105 zazwyczaj wyposa\u017cone w r\u00f3\u017cne rodzaje masa\u017cu, w tym wibracje, podgrzewanie i r\u00f3\u017cne poziomy intensywno\u015bci. Dzi\u0119ki temu ka\u017cdy u\u017cytkownik mo\u017ce dostosowa\u0107 masa\u017c do swoich potrzeb i preferencji. Mata masuj\u0105ca jest doskona\u0142ym sposobem na z\u0142agodzenie b\u00f3lu i napi\u0119cia mi\u0119\u015bniowego, popraw\u0119 kr\u0105\u017cenia krwi oraz na og\u00f3ln\u0105 popraw\u0119 samopoczucia i jako\u015bci snu<\/p>\n","protected":false},"featured_media":6063,"template":"","meta":[],"product_brand":[],"product_cat":[30,19],"product_tag":[],"class_list":{"0":"post-6062","1":"product","2":"type-product","3":"status-publish","4":"has-post-thumbnail","6":"product_cat-masazery","7":"product_cat-maty-masujace","9":"first","10":"instock","11":"shipping-taxable","12":"purchasable","13":"product-type-simple"},"_links":{"self":[{"href":"https:\/\/companylux.pl\/index.php\/wp-json\/wp\/v2\/product\/6062","targetHints":{"allow":["GET"]}}],"collection":[{"href":"https:\/\/companylux.pl\/index.php\/wp-json\/wp\/v2\/product"}],"about":[{"href":"https:\/\/companylux.pl\/index.php\/wp-json\/wp\/v2\/types\/product"}],"wp:featuredmedia":[{"embeddable":true,"href":"https:\/\/companylux.pl\/index.php\/wp-json\/wp\/v2\/media\/6063"}],"wp:attachment":[{"href":"https:\/\/companylux.pl\/index.php\/wp-json\/wp\/v2\/media?parent=6062"}],"wp:term":[{"taxonomy":"product_brand","embeddable":true,"href":"https:\/\/companylux.pl\/index.php\/wp-json\/wp\/v2\/product_brand?post=6062"},{"taxonomy":"product_cat","embeddable":true,"href":"https:\/\/companylux.pl\/index.php\/wp-json\/wp\/v2\/product_cat?post=6062"},{"taxonomy":"product_tag","embeddable":true,"href":"https:\/\/companylux.pl\/index.php\/wp-json\/wp\/v2\/product_tag?post=6062"}],"curies":[{"name":"wp","href":"https:\/\/api.w.org\/{rel}","templated":true}]}}