{"id":6036,"date":"2025-03-02T15:46:47","date_gmt":"2025-03-02T15:46:47","guid":{"rendered":"http:\/\/companylux.pl\/?post_type=product&#038;p=6036"},"modified":"2025-03-02T22:32:31","modified_gmt":"2025-03-02T22:32:31","slug":"thermochefmix","status":"publish","type":"product","link":"https:\/\/companylux.pl\/index.php\/produkt\/thermochefmix\/","title":{"rendered":"ThermoChefMix"},"content":{"rendered":"","protected":false},"excerpt":{"rendered":"<p class=\"cvGsUA direction-ltr align-justify para-style-body\"><strong><span class=\"OYPEnA font-feature-liga-off font-feature-clig-off font-feature-calt-off text-decoration-underline text-strikethrough-none\">Przemie\u0144 kuchni\u0119 w laboratorium smaku z ThermoChefMix<\/span><\/strong><\/p>\n<p class=\"cvGsUA direction-ltr align-justify para-style-body\"><span class=\"OYPEnA font-feature-liga-off font-feature-clig-off font-feature-calt-off text-decoration-none text-strikethrough-none\">Nasza innowacyjna maszyna kulinarna z ekranem dotykowym to wi\u0119cej ni\u017c tylko narz\u0119dzie kuchenne. To brama do nieko\u0144cz\u0105cych si\u0119 kulinarnych mo\u017cliwo\u015bci. Wystarczy wybra\u0107 jeden z wielu dost\u0119pnych tryb\u00f3w, a ekran dotykowy uczyni gotowanie intuicyjnym i \u0142atwym. Niezale\u017cnie od tego, czy jeste\u015b do\u015bwiadczonym kucharzem, czy dopiero zaczynasz swoj\u0105 kulinarz\u0105 podr\u00f3\u017c, nasz automat kuchenny jest Twoim wiernym towarzyszem. Dzi\u0119ki niemu mo\u017cesz eksperymentowa\u0107, tworzy\u0107,<\/span><\/p>\n<p class=\"cvGsUA direction-ltr align-justify para-style-body\"><span class=\"OYPEnA font-feature-liga-off font-feature-clig-off font-feature-calt-off text-decoration-none text-strikethrough-none\">i cieszy\u0107 si\u0119 doskona\u0142ymi smakami, bez wzgl\u0119du na to, czy przygotowujesz danie na co dzie\u0144, czy przyj\u0119cie dla znajomych. Przemie\u0144 swoj\u0105 kuchni\u0119 w miejsce magii kulinari\u00f3w z ThermoChefMix.<\/span><\/p>\n<p class=\"cvGsUA direction-ltr align-justify para-style-body\"><span class=\"OYPEnA font-feature-liga-off font-feature-clig-off font-feature-calt-off text-decoration-none text-strikethrough-none\">Nasz produkt, innowacyjny automat kuchenny z ekranem dotykowym, to prawdziwa rewolucja w \u015bwiecie kulinari\u00f3w. Dzi\u0119ki niemu gotowanie staje si\u0119 nie tylko prostsze, ale te\u017c bardziej kreatywne. Intuicyjny ekran dotykowy umo\u017cliwia \u0142atw\u0105 i precyzyjn\u0105 kontrol\u0119 nad procesem, pozwalaj\u0105c na tworzenie doskona\u0142ych da\u0144 bez wysi\u0142ku. Nasz automat kuchenny to nie tylko urz\u0105dzenie kuchenne, to partner w kuchni, kt\u00f3ry pozwala eksperymentowa\u0107 z r\u00f3\u017cnymi kuchennymi technikami i cieszy\u0107 si\u0119 doskona\u0142ym smakiem ka\u017cdego przygotowanego dania. Odkryj now\u0105 jako\u015b\u0107 gotowania dzi\u0119ki naszemu produktowi.<\/span><\/p>\n","protected":false},"featured_media":6041,"template":"","meta":[],"product_brand":[],"product_cat":[16,18],"product_tag":[],"class_list":{"0":"post-6036","1":"product","2":"type-product","3":"status-publish","4":"has-post-thumbnail","6":"product_cat-bez-kategorii","7":"product_cat-urzadzenia-agd","9":"first","10":"instock","11":"shipping-taxable","12":"purchasable","13":"product-type-simple"},"_links":{"self":[{"href":"https:\/\/companylux.pl\/index.php\/wp-json\/wp\/v2\/product\/6036","targetHints":{"allow":["GET"]}}],"collection":[{"href":"https:\/\/companylux.pl\/index.php\/wp-json\/wp\/v2\/product"}],"about":[{"href":"https:\/\/companylux.pl\/index.php\/wp-json\/wp\/v2\/types\/product"}],"wp:featuredmedia":[{"embeddable":true,"href":"https:\/\/companylux.pl\/index.php\/wp-json\/wp\/v2\/media\/6041"}],"wp:attachment":[{"href":"https:\/\/companylux.pl\/index.php\/wp-json\/wp\/v2\/media?parent=6036"}],"wp:term":[{"taxonomy":"product_brand","embeddable":true,"href":"https:\/\/companylux.pl\/index.php\/wp-json\/wp\/v2\/product_brand?post=6036"},{"taxonomy":"product_cat","embeddable":true,"href":"https:\/\/companylux.pl\/index.php\/wp-json\/wp\/v2\/product_cat?post=6036"},{"taxonomy":"product_tag","embeddable":true,"href":"https:\/\/companylux.pl\/index.php\/wp-json\/wp\/v2\/product_tag?post=6036"}],"curies":[{"name":"wp","href":"https:\/\/api.w.org\/{rel}","templated":true}]}}