{"id":5943,"date":"2024-09-15T14:51:37","date_gmt":"2024-09-15T14:51:37","guid":{"rendered":"https:\/\/olktrading.pl\/?post_type=product&#038;p=5943"},"modified":"2025-03-02T16:02:27","modified_gmt":"2025-03-02T16:02:27","slug":"rower-elektryczny-e-stella","status":"publish","type":"product","link":"https:\/\/companylux.pl\/index.php\/produkt\/rower-elektryczny-e-stella\/","title":{"rendered":"Rower elektryczny <br> E- STELLA"},"content":{"rendered":"<h4>Rama<\/h4>\n<ul>\n<li><strong>Materia\u0142<\/strong>: Aluminium T6101 hydroformowana<\/li>\n<\/ul>\n<h4>Widelec<\/h4>\n<ul>\n<li><strong>Model<\/strong>: Amortyzowany Suntour XCM34 \u2013 Boost \u2013 DS.<\/li>\n<\/ul>\n<h4>Nap\u0119d<\/h4>\n<ul>\n<li><strong>Przerzutka Przednia<\/strong>: Shimano Tourney FD-TY500<\/li>\n<li><strong>Przerzutka Tylna<\/strong>: Shimano Acera RD-M360<\/li>\n<li><strong>Kaseta Wolnobieg<\/strong>: Kaseta Shimano CS-HG31 8-rz\u0119dowa (11-30T)<\/li>\n<li><strong>Korba<\/strong>: Shimano TY301<\/li>\n<li><strong>\u0141a\u0144cuch<\/strong>: KMC Z8<\/li>\n<li><strong>Manetki<\/strong>: ST-EF505<\/li>\n<\/ul>\n<h4>Hamulce<\/h4>\n<ul>\n<li><strong>Hamulce Prz\u00f3d<\/strong>: Tarcze hydrauliczne Shimano MT-201<\/li>\n<li><strong>Hamulce Ty\u0142<\/strong>: Tarcze hydrauliczne Shimano MT-201<\/li>\n<\/ul>\n<h4>Ko\u0142a<\/h4>\n<ul>\n<li><strong>Piasta Prz\u00f3d<\/strong>: Shimano DH-919TF<\/li>\n<li><strong>Piasta Ty\u0142<\/strong>: Shimano<\/li>\n<li><strong>Obr\u0119cz<\/strong>: Storm aluminiowa, dwukomorowa, wzmacniana<\/li>\n<li><strong>Opona<\/strong>: CST Caballero 29\u00d72,25<\/li>\n<\/ul>\n<h4>Komponenty<\/h4>\n<ul>\n<li><strong>Wspornik Siode\u0142ka<\/strong>: Aluminiowy UNO 30,9 mm<\/li>\n<li><strong>Siode\u0142ko<\/strong>: Storm<\/li>\n<li><strong>Wspornik Kierownicy<\/strong>: Aluminiowy UNO Ahead<\/li>\n<li><strong>Kierownica<\/strong>: UNO 780 mm<\/li>\n<li><strong>Chwyty<\/strong>: Herrmans<\/li>\n<\/ul>\n<h4>System Elektryczny<\/h4>\n<ul>\n<li><strong>Silnik<\/strong>: Bafang tylny RM G020, 250 W<\/li>\n<li><strong>Bateria<\/strong>: EEL 14,5 Ah, 522 Wh, 36V<\/li>\n<li><strong>Sensor<\/strong>: Bafang SR PA05.12.S<\/li>\n<li><strong>Wy\u015bwietlacz<\/strong>: Bafang DP E160.C<\/li>\n<li><strong>Kiesze\u0144 Baterii<\/strong>: W ramie<\/li>\n<li><strong>\u0141adowarka<\/strong>: Bafang BC02201<\/li>\n<\/ul>\n","protected":false},"excerpt":{"rendered":"<h3>Specyfikacja Techniczna \u2013 Rower E-MTB E-Stella<\/h3>\n<ul>\n<li><strong>Typ<\/strong>: Damski<\/li>\n<li><strong>Kategoria<\/strong>: E-MTB<\/li>\n<li><strong>Kolekcja<\/strong>: E-Stella<\/li>\n<li><strong>Rozmiar Ramy<\/strong>: 16, 18<\/li>\n<li><strong>Rozmiar K\u00f3\u0142<\/strong>: 29<\/li>\n<li><strong>Ilo\u015b\u0107 Bieg\u00f3w<\/strong>: 24<\/li>\n<\/ul>\n<ul>\n<li><\/li>\n<\/ul>\n","protected":false},"featured_media":6045,"template":"","meta":[],"product_brand":[],"product_cat":[22],"product_tag":[],"class_list":{"0":"post-5943","1":"product","2":"type-product","3":"status-publish","4":"has-post-thumbnail","6":"product_cat-rowery-elektryczne","8":"first","9":"instock","10":"shipping-taxable","11":"purchasable","12":"product-type-simple"},"_links":{"self":[{"href":"https:\/\/companylux.pl\/index.php\/wp-json\/wp\/v2\/product\/5943","targetHints":{"allow":["GET"]}}],"collection":[{"href":"https:\/\/companylux.pl\/index.php\/wp-json\/wp\/v2\/product"}],"about":[{"href":"https:\/\/companylux.pl\/index.php\/wp-json\/wp\/v2\/types\/product"}],"wp:featuredmedia":[{"embeddable":true,"href":"https:\/\/companylux.pl\/index.php\/wp-json\/wp\/v2\/media\/6045"}],"wp:attachment":[{"href":"https:\/\/companylux.pl\/index.php\/wp-json\/wp\/v2\/media?parent=5943"}],"wp:term":[{"taxonomy":"product_brand","embeddable":true,"href":"https:\/\/companylux.pl\/index.php\/wp-json\/wp\/v2\/product_brand?post=5943"},{"taxonomy":"product_cat","embeddable":true,"href":"https:\/\/companylux.pl\/index.php\/wp-json\/wp\/v2\/product_cat?post=5943"},{"taxonomy":"product_tag","embeddable":true,"href":"https:\/\/companylux.pl\/index.php\/wp-json\/wp\/v2\/product_tag?post=5943"}],"curies":[{"name":"wp","href":"https:\/\/api.w.org\/{rel}","templated":true}]}}