{"id":5918,"date":"2024-09-15T12:41:41","date_gmt":"2024-09-15T12:41:41","guid":{"rendered":"https:\/\/olktrading.pl\/?post_type=product&amp;p=5918"},"modified":"2024-09-15T12:41:41","modified_gmt":"2024-09-15T12:41:41","slug":"multicooker","status":"publish","type":"product","link":"https:\/\/companylux.pl\/index.php\/produkt\/multicooker\/","title":{"rendered":"Multicooker"},"content":{"rendered":"<p>Gotowanie staje si\u0119 dziecinnie proste!<\/p>\n<p>1. Multi Cooker \u0142\u0105czy \u0142atwo\u015b\u0107 przygotowania:<\/p>\n<ul>\n<li>Ry\u017cu, kleik\u00f3w, potraw na parze, duszonych, pieczonych\/sma\u017conych, makaron\u00f3w, ciast, jogurt\u00f3w, d\u017cem\u00f3w itp.<\/li>\n<li>Regulowane funkcje gotowania, automatyczne podtrzymanie po zako\u0144czeniu gotowania dla utrzymania ciep\u0142a potraw.<\/li>\n<li>Funkcja 24-godzinnego zegara. Automatyczne odliczanie i rozpocz\u0119cie gotowania po up\u0142ywie okre\u015blonego czasu.<\/li>\n<li>R\u0119czne ustawianie blokady ci\u015bnienia, czasu utrzymania ustalonego ci\u015bnienia.<\/li>\n<\/ul>\n<p>2. Szybkie gotowanie, oszcz\u0119dno\u015b\u0107 cennego czasu:<\/p>\n<ul>\n<li>Gotowanie w wysokiej temperaturze skraca czas gotowania.<\/li>\n<li>Oszcz\u0119dniejsze i szybsze gotowanie w por\u00f3wnaniu do standardowych urz\u0105dze\u0144 do gotowania ry\u017cu. c. Szybkie gotowanie kleik\u00f3w, zup, fasoli i innych trudnych do ugotowania potraw.<\/li>\n<\/ul>\n<div>\u00a0 3. Zaawansowana budowa, dodatkowe bezpiecze\u0144stwo.<\/div>\n<div>\n<ul>\n<li>Bezpieczny mechanizm blokady zamkni\u0119cia. W przypadku nieprawid\u0142owego zamkni\u0119cia ci\u015bnienie nie b\u0119dzie si\u0119 zwi\u0119ksza\u0107. Brak mo\u017cliwo\u015bci otworzenia pokrywy pod ci\u015bnieniem.<\/li>\n<li>Ci\u015bnieniowy zaw\u00f3r bezpiecze\u0144stwa, automatyczne zwolnienie ci\u015bnienia w przypadku osi\u0105gni\u0119cia maksymalnego ci\u015bnienia roboczego.<\/li>\n<li>Automatyczna kontrola ci\u015bnienia. Automatyczne w\u0142\u0105czanie i wy\u0142\u0105czanie grzania dla zachowania okre\u015blonej temperatury.<\/li>\n<li>Wy\u0142\u0105cznik nadmiernej temperatury. Automatyczne odci\u0119cie zasilania w przypadku nadmiernej temperatury.<\/li>\n<\/ul>\n<\/div>\n","protected":false},"excerpt":{"rendered":"<h2 class=\"uk-heading-bullet uk-margin-remove-bottom uk-scrollspy-inview\" data-id=\"page#1-1-1-6\" data-element=\"\" uk-scrollspy-class=\"\">\u00a0Zalety:<\/h2>\n<ul class=\"uk-list uk-list-bullet uk-margin uk-scrollspy-inview\" data-id=\"page#1-1-1-7\" data-element=\"\" uk-scrollspy-class=\"\">\n<li class=\"el-item\">\n<div class=\"el-content uk-panel\">\n<ol>\n<li>Sterowany przez splikacje ze smartfona,<\/li>\n<li>Pojemno\u015b\u0107 5L,<\/li>\n<li>Moc 1000W<\/li>\n<li>Max ci\u015bnienie 90kPa<\/li>\n<li>Ksi\u0105\u017cka kucharska<\/li>\n<\/ol>\n<\/div>\n<\/li>\n<\/ul>\n","protected":false},"featured_media":5732,"template":"","meta":[],"product_brand":[],"product_cat":[18],"product_tag":[],"class_list":{"0":"post-5918","1":"product","2":"type-product","3":"status-publish","4":"has-post-thumbnail","6":"product_cat-urzadzenia-agd","8":"first","9":"instock","10":"shipping-taxable","11":"purchasable","12":"product-type-simple"},"_links":{"self":[{"href":"https:\/\/companylux.pl\/index.php\/wp-json\/wp\/v2\/product\/5918","targetHints":{"allow":["GET"]}}],"collection":[{"href":"https:\/\/companylux.pl\/index.php\/wp-json\/wp\/v2\/product"}],"about":[{"href":"https:\/\/companylux.pl\/index.php\/wp-json\/wp\/v2\/types\/product"}],"wp:featuredmedia":[{"embeddable":true,"href":"https:\/\/companylux.pl\/index.php\/wp-json\/wp\/v2\/media\/5732"}],"wp:attachment":[{"href":"https:\/\/companylux.pl\/index.php\/wp-json\/wp\/v2\/media?parent=5918"}],"wp:term":[{"taxonomy":"product_brand","embeddable":true,"href":"https:\/\/companylux.pl\/index.php\/wp-json\/wp\/v2\/product_brand?post=5918"},{"taxonomy":"product_cat","embeddable":true,"href":"https:\/\/companylux.pl\/index.php\/wp-json\/wp\/v2\/product_cat?post=5918"},{"taxonomy":"product_tag","embeddable":true,"href":"https:\/\/companylux.pl\/index.php\/wp-json\/wp\/v2\/product_tag?post=5918"}],"curies":[{"name":"wp","href":"https:\/\/api.w.org\/{rel}","templated":true}]}}