{"id":5910,"date":"2024-09-15T12:24:50","date_gmt":"2024-09-15T12:24:50","guid":{"rendered":"https:\/\/olktrading.pl\/?post_type=product&amp;p=5910"},"modified":"2024-09-15T12:24:50","modified_gmt":"2024-09-15T12:24:50","slug":"masazer-do-stop","status":"publish","type":"product","link":"https:\/\/companylux.pl\/index.php\/produkt\/masazer-do-stop\/","title":{"rendered":"Masa\u017cer do st\u00f3p"},"content":{"rendered":"<div class=\"uk-panel uk-margin-small\" data-id=\"page#1-1-1-5\" data-element=\"\">\n<p>Stopy ka\u017cdego dnia nara\u017cone s\u0105 na liczne niewygody i obci\u0105\u017cenia. D\u0142ugie stanie, upa\u0142y, niewygodne i niedopasowane obuwie, noszenie dzieci i zakup\u00f3w \u2013 to wszystko odbija si\u0119 na naszych stopach w\u0142a\u015bnie w postaci obrz\u0119k\u00f3w, dr\u0119twienia i b\u00f3lu.<\/p>\n<div class=\"col-xs-12 animateCssToggle\">\n<div class=\"products-informationsSecondary\">\n<div class=\"products-productSecondaryText\">\n<div class=\"products-productSecondaryText\">R\u00f3wnie\u017c nasz og\u00f3lny stan zdrowia nie jest dla nich oboj\u0119tny \u2013 cz\u0119sto osoby z niskim ci\u015bnieniem borykaj\u0105 si\u0119 z problemem zimnych st\u00f3p.<\/div>\n<div><\/div>\n<div class=\"products-productSecondaryText\">Problem dotyczy zar\u00f3wno m\u0119\u017cczyzn, jak i kobiet. Okazuje si\u0119 jednak, \u017ce istnieje prosty i efektywny spos\u00f3b, kt\u00f3ry szybko i skutecznie niweluje b\u00f3l, a przy tym pozwala si\u0119 fantastycznie zrelaksowa\u0107 i nie wymaga zaanga\u017cowania innej osoby.<\/div>\n<div class=\"products-productSecondaryText\">Mowa o innowacyjnym narz\u0119dziu, jakim jest masa\u017cer do st\u00f3p.<\/div>\n<div>\n<h3>Najlepsze rozwi\u0105zanie dla obola\u0142ych st\u00f3p<\/h3>\n<div class=\"products-productSecondaryText\">Masa\u017cer do st\u00f3p FootInn II to nowoczesny, kompaktowy masa\u017cer do st\u00f3p, kt\u00f3ry\u00a0<strong>odpr\u0119\u017cy i rozlu\u017ani zm\u0119czone mi\u0119\u015bnie \u015br\u00f3dstopia, a tak\u017ce pomo\u017ce zlikwidowa\u0107 obrz\u0119ki i opuchlizn\u0119.<\/strong><\/div>\n<div>\n<p>Urz\u0105dzenie pomie\u015bci nawet du\u017ce, m\u0119skie stopy i zapewni im dok\u0142adny masa\u017c \u2013 od czubk\u00f3w palc\u00f3w a\u017c po pi\u0119ty.<\/p>\n<\/div>\n<div>Dodatkow\u0105 zalet\u0105 tego masa\u017cera jest\u00a0<strong>posiadanie adaptera do gniazda zapalniczki samochodowej<\/strong>\u00a0\u2013 dzi\u0119ki temu nawet najd\u0142u\u017csza podr\u00f3\u017c nie stanie si\u0119 udr\u0119k\u0105 dla st\u00f3p.<\/div>\n<div>\n<h3>Zaawansowany system masa\u017cu<\/h3>\n<p>Masa\u017cer st\u00f3p FootInn II realizuje masa\u017c za pomoc\u0105 techniki wa\u0142kowania i kompresji, czyli ucisku w obszarze kraw\u0119dzi i grzbiet\u00f3w st\u00f3p.<br \/>\nSpecjalnie zaprojektowana strefa masa\u017cu pi\u0119t sk\u0142ada si\u0119 z poduszek powietrznych i specjalnych wa\u0142eczk\u00f3w, by szczeg\u00f3lnie troskliwie zadba\u0107 o t\u0119 cz\u0119\u015b\u0107 stopy.<\/p>\n<p>Podczas masa\u017cu\u00a0<strong>stymulowane s\u0105 strefy refleksologiczne<\/strong>, dzi\u0119ki czemu masa\u017c wp\u0142ywa na ca\u0142y organizm, harmonizuje jego funkcjonowanie. Poprawia og\u00f3lne samopoczucie a przy tym \u2013 pozwala si\u0119 fantastycznie odpr\u0119\u017cy\u0107 i zrelaksowa\u0107, co wspomaga funkcja ogrzewania podczas masa\u017cu (mo\u017cna j\u0105 w dowolnym momencie uruchomi\u0107 i wy\u0142\u0105czy\u0107).<\/p>\n<h3>Intuicyjna obs\u0142uga<\/h3>\n<p>Masa\u017cer ma ciekawy design, wpisuje si\u0119 we wsp\u00f3\u0142czesne trendy wn\u0119trzarskie. Obudowa z mi\u0119kkiego tworzywa jest elastyczna, a przez to bardziej odporna na uszkodzenia. Pod\u015bwietlany na kolorowo panel steruj\u0105cy jest prosty w obs\u0142udze, intuicyjny i przyjazny. Ca\u0142o\u015bci dope\u0142nia pilot zdalnego sterowania, dzi\u0119ki kt\u00f3remu nie musimy si\u0119 pochyla\u0107, aby uruchomi\u0107 urz\u0105dzenie czy zmieni\u0107 program masa\u017cu.<\/p>\n<\/div>\n<\/div>\n<\/div>\n<\/div>\n<\/div>\n<\/div>\n<h3 class=\"uk-h5\" data-id=\"page#1-1-1-6\">Dost\u0119pne kolory<\/h3>\n<ul>\n<li>szary<\/li>\n<\/ul>\n","protected":false},"excerpt":{"rendered":"<h4 class=\"uk-heading-bullet uk-margin-remove-bottom\" data-id=\"page#1-1-1-9\" data-element=\"\">\u00a0Specyfikacja techniczna:<\/h4>\n<ul class=\"uk-list uk-list-bullet uk-margin\" data-id=\"page#1-1-1-10\" data-element=\"\" uk-scrollspy=\"target: [uk-scrollspy-class];\">\n<li class=\"el-item\">\n<div class=\"el-content uk-panel\">Napi\u0119cie nominalne wej\u015bcie\/wyj\u015bcie: 220V \/ 16.8V<\/div>\n<\/li>\n<li class=\"el-item\">\n<div class=\"el-content uk-panel\">Cz\u0119stotliwo\u015b\u0107: 50Hz<\/div>\n<\/li>\n<li class=\"el-item\">\n<div class=\"el-content uk-panel\">Optymalny czas u\u017cytkowania: 30 minut<\/div>\n<\/li>\n<\/ul>\n","protected":false},"featured_media":5700,"template":"","meta":[],"product_brand":[],"product_cat":[20],"product_tag":[],"class_list":{"0":"post-5910","1":"product","2":"type-product","3":"status-publish","4":"has-post-thumbnail","6":"product_cat-masazery-stop","8":"first","9":"instock","10":"shipping-taxable","11":"purchasable","12":"product-type-simple"},"_links":{"self":[{"href":"https:\/\/companylux.pl\/index.php\/wp-json\/wp\/v2\/product\/5910","targetHints":{"allow":["GET"]}}],"collection":[{"href":"https:\/\/companylux.pl\/index.php\/wp-json\/wp\/v2\/product"}],"about":[{"href":"https:\/\/companylux.pl\/index.php\/wp-json\/wp\/v2\/types\/product"}],"wp:featuredmedia":[{"embeddable":true,"href":"https:\/\/companylux.pl\/index.php\/wp-json\/wp\/v2\/media\/5700"}],"wp:attachment":[{"href":"https:\/\/companylux.pl\/index.php\/wp-json\/wp\/v2\/media?parent=5910"}],"wp:term":[{"taxonomy":"product_brand","embeddable":true,"href":"https:\/\/companylux.pl\/index.php\/wp-json\/wp\/v2\/product_brand?post=5910"},{"taxonomy":"product_cat","embeddable":true,"href":"https:\/\/companylux.pl\/index.php\/wp-json\/wp\/v2\/product_cat?post=5910"},{"taxonomy":"product_tag","embeddable":true,"href":"https:\/\/companylux.pl\/index.php\/wp-json\/wp\/v2\/product_tag?post=5910"}],"curies":[{"name":"wp","href":"https:\/\/api.w.org\/{rel}","templated":true}]}}