{"id":5903,"date":"2024-09-15T11:46:14","date_gmt":"2024-09-15T11:46:14","guid":{"rendered":"https:\/\/olktrading.pl\/?post_type=product&amp;p=5903"},"modified":"2024-09-15T11:46:14","modified_gmt":"2024-09-15T11:46:14","slug":"filtr-wody-ozonwater","status":"publish","type":"product","link":"https:\/\/companylux.pl\/index.php\/produkt\/filtr-wody-ozonwater\/","title":{"rendered":"Filtr wody<br> OzonWater"},"content":{"rendered":"<h2 class=\"uk-heading-bullet uk-margin-remove-bottom uk-scrollspy-inview\" data-id=\"page#1-1-1-6\" data-element=\"\" uk-scrollspy-class=\"\">Specyfikacja Techniczna:<\/h2>\n<ul class=\"uk-list uk-list-bullet uk-margin uk-scrollspy-inview\" data-id=\"page#1-1-1-7\" data-element=\"\" uk-scrollspy-class=\"\">\n<li class=\"el-item\">\n<div class=\"el-content uk-panel\">\n<p>Nazwa produktu: Oczyszczacz wody odwr\u00f3conej osmozy.<\/p>\n<\/div>\n<\/li>\n<li class=\"el-item\">\n<div class=\"el-content uk-panel\">Model produktu: WS-R10.<\/div>\n<\/li>\n<li class=\"el-item\">\n<div class=\"el-content uk-panel\">Przep\u0142yw czystej wody: 1,5l\/min.<\/div>\n<\/li>\n<li class=\"el-item\">\n<div class=\"el-content uk-panel\">Potencia nominal: 30W<\/div>\n<\/li>\n<li class=\"el-item\">\n<div class=\"el-content uk-panel\">Napi\u0119cie znamionowe: AC 220V~50Hz.<\/div>\n<\/li>\n<li class=\"el-item\">\n<div class=\"el-content uk-panel\">Moc znamionowa: 96W.<\/div>\n<\/li>\n<li class=\"el-item\">\n<div class=\"el-content uk-panel\">Ca\u0142kowita ilo\u015b\u0107 wody oczyszczonej: 5000L.<\/div>\n<\/li>\n<li class=\"el-item\">\n<div class=\"el-content uk-panel\">Ci\u015bnienie wlotowe: 0.1-0.4Mpa.<\/div>\n<\/li>\n<li class=\"el-item\">\n<div class=\"el-content uk-panel\">Ci\u015bnienie robocze: 0.4-0.9Mpa.<\/div>\n<\/li>\n<li class=\"el-item\">\n<div class=\"el-content uk-panel\">Obowi\u0105zuj\u0105ca temperatura wody: 5\u00b0C-38\u00b0C.<\/div>\n<\/li>\n<li class=\"el-item\">\n<div class=\"el-content uk-panel\">Temperatura otoczenia: 2\u00b0C-45\u2103.<\/div>\n<\/li>\n<li class=\"el-item\">\n<div class=\"el-content uk-panel\">Odpowiednie \u017ar\u00f3d\u0142o wody: Miejska woda wodoci\u0105gowa.<\/div>\n<\/li>\n<li class=\"el-item\">\n<div class=\"el-content uk-panel\">Rozmiar produktu: 445*145*425mm.<\/div>\n<\/li>\n<\/ul>\n","protected":false},"excerpt":{"rendered":"<p>OzonWater to innowacyjny filtr, kt\u00f3ry wykorzystuje ozon do zapewnienia doskona\u0142ej czysto\u015bci wody. Dzi\u0119ki zaawansowanej technologii eliminuje szkodliwe zanieczyszczenia, bakterie i wirusy, dostarczaj\u0105c \u015bwie\u017c\u0105 i bezpieczn\u0105 wod\u0119 do picia, gotowania i codziennego u\u017cytku. \u0141atwy w obs\u0142udze i niezwykle skuteczny \u2013 OzonWater jest kluczem do czystej i zdrowej wody w Twoim domu.<\/p>\n","protected":false},"featured_media":5472,"template":"","meta":[],"product_brand":[],"product_cat":[18],"product_tag":[],"class_list":{"0":"post-5903","1":"product","2":"type-product","3":"status-publish","4":"has-post-thumbnail","6":"product_cat-urzadzenia-agd","8":"first","9":"instock","10":"shipping-taxable","11":"purchasable","12":"product-type-simple"},"_links":{"self":[{"href":"https:\/\/companylux.pl\/index.php\/wp-json\/wp\/v2\/product\/5903","targetHints":{"allow":["GET"]}}],"collection":[{"href":"https:\/\/companylux.pl\/index.php\/wp-json\/wp\/v2\/product"}],"about":[{"href":"https:\/\/companylux.pl\/index.php\/wp-json\/wp\/v2\/types\/product"}],"wp:featuredmedia":[{"embeddable":true,"href":"https:\/\/companylux.pl\/index.php\/wp-json\/wp\/v2\/media\/5472"}],"wp:attachment":[{"href":"https:\/\/companylux.pl\/index.php\/wp-json\/wp\/v2\/media?parent=5903"}],"wp:term":[{"taxonomy":"product_brand","embeddable":true,"href":"https:\/\/companylux.pl\/index.php\/wp-json\/wp\/v2\/product_brand?post=5903"},{"taxonomy":"product_cat","embeddable":true,"href":"https:\/\/companylux.pl\/index.php\/wp-json\/wp\/v2\/product_cat?post=5903"},{"taxonomy":"product_tag","embeddable":true,"href":"https:\/\/companylux.pl\/index.php\/wp-json\/wp\/v2\/product_tag?post=5903"}],"curies":[{"name":"wp","href":"https:\/\/api.w.org\/{rel}","templated":true}]}}