{"id":5896,"date":"2024-09-14T19:02:49","date_gmt":"2024-09-14T19:02:49","guid":{"rendered":"https:\/\/olktrading.pl\/?post_type=product&#038;p=5896"},"modified":"2026-04-17T07:33:21","modified_gmt":"2026-04-17T07:33:21","slug":"mata-masujaca-keido","status":"publish","type":"product","link":"https:\/\/companylux.pl\/index.php\/produkt\/mata-masujaca-keido\/","title":{"rendered":"Mata masuj\u0105ca<br> KEIDO"},"content":{"rendered":"<h2 class=\"uk-heading-bullet uk-margin-remove-bottom\">\u00a0Specyfikacja techniczna:<\/h2>\n<ul class=\"uk-list uk-list-bullet uk-margin\">\n<li class=\"el-item\">\n<div class=\"el-content uk-panel\">Napi\u0119cie znamionowe: 220-240 V.<\/div>\n<\/li>\n<li class=\"el-item\">\n<div class=\"el-content uk-panel\">Napi\u0119cie wej\u015bciowe: 12 V.<\/div>\n<\/li>\n<li class=\"el-item\">\n<div class=\"el-content uk-panel\">Cz\u0119stotliwo\u015b\u0107 znamionowa: 50-60 Hz.<\/div>\n<\/li>\n<li class=\"el-item\">\n<div class=\"el-content uk-panel\">Moc znamionowa: 30 W.<\/div>\n<\/li>\n<li class=\"el-item\">\n<div class=\"el-content uk-panel\">Stopie\u0144 ochrony (IP): IP5.<\/div>\n<\/li>\n<\/ul>\n","protected":false},"excerpt":{"rendered":"<div class=\"uk-panel uk-margin-small\">\n<p>Odkryj niesko\u0144czone mo\u017cliwo\u015bci masa\u017cu, dzi\u0119ki wyj\u0105tkowej macie masuj\u0105cej Keido. Wybierz spo\u015br\u00f3d r\u00f3\u017cnorodnych opcji, w tym program\u00f3w g\u0142\u0119bokiego masa\u017cu 3D i 4D, kt\u00f3re precyzyjnie dzia\u0142aj\u0105 na g\u00f3rn\u0105 i doln\u0105 cz\u0119\u015b\u0107 plec\u00f3w, spe\u0142niaj\u0105c nawet najbardziej wyrafinowane potrzeby.<\/p>\n<p>Wybierz spo\u015br\u00f3d trzech ustawie\u0144 czasowych, funkcji wibracji siedzenia, podgrzewania plec\u00f3w oraz punktowego masa\u017cu, aby dostosowa\u0107 doznania do swoich preferencji. Regulacja szeroko\u015bci masa\u017cu \u2013 szeroka, \u015brednia lub w\u0105ska \u2013 przy pomocy rolki, poruszaj\u0105cej si\u0119 wzd\u0142u\u017c kr\u0119gos\u0142upa, pozwala na osi\u0105gni\u0119cie maksymalnego komfortu i odpr\u0119\u017cenia.<\/p>\n<\/div>\n<h3 class=\"uk-h5\">Dost\u0119pne kolory:<\/h3>\n<ul>\n<li>szary<\/li>\n<li>niebieski<\/li>\n<li>fioletowy<\/li>\n<li>br\u0105zowy<\/li>\n<\/ul>\n","protected":false},"featured_media":5900,"template":"","meta":[],"product_brand":[],"product_cat":[30,19],"product_tag":[],"class_list":{"0":"post-5896","1":"product","2":"type-product","3":"status-publish","4":"has-post-thumbnail","6":"product_cat-masazery","7":"product_cat-maty-masujace","9":"first","10":"instock","11":"shipping-taxable","12":"purchasable","13":"product-type-simple"},"_links":{"self":[{"href":"https:\/\/companylux.pl\/index.php\/wp-json\/wp\/v2\/product\/5896","targetHints":{"allow":["GET"]}}],"collection":[{"href":"https:\/\/companylux.pl\/index.php\/wp-json\/wp\/v2\/product"}],"about":[{"href":"https:\/\/companylux.pl\/index.php\/wp-json\/wp\/v2\/types\/product"}],"wp:featuredmedia":[{"embeddable":true,"href":"https:\/\/companylux.pl\/index.php\/wp-json\/wp\/v2\/media\/5900"}],"wp:attachment":[{"href":"https:\/\/companylux.pl\/index.php\/wp-json\/wp\/v2\/media?parent=5896"}],"wp:term":[{"taxonomy":"product_brand","embeddable":true,"href":"https:\/\/companylux.pl\/index.php\/wp-json\/wp\/v2\/product_brand?post=5896"},{"taxonomy":"product_cat","embeddable":true,"href":"https:\/\/companylux.pl\/index.php\/wp-json\/wp\/v2\/product_cat?post=5896"},{"taxonomy":"product_tag","embeddable":true,"href":"https:\/\/companylux.pl\/index.php\/wp-json\/wp\/v2\/product_tag?post=5896"}],"curies":[{"name":"wp","href":"https:\/\/api.w.org\/{rel}","templated":true}]}}