{"id":5891,"date":"2024-09-13T17:13:03","date_gmt":"2024-09-13T17:13:03","guid":{"rendered":"https:\/\/olktrading.pl\/?post_type=product&#038;p=5891"},"modified":"2026-04-17T07:31:37","modified_gmt":"2026-04-17T07:31:37","slug":"mata-masujaca-tamashi","status":"publish","type":"product","link":"https:\/\/companylux.pl\/index.php\/produkt\/mata-masujaca-tamashi\/","title":{"rendered":"Mata masuj\u0105ca<br> TAMASHI"},"content":{"rendered":"","protected":false},"excerpt":{"rendered":"<p>Odkryj niespotykany komfort i odpr\u0119\u017cenie dzi\u0119ki nowoczesnej maty masuj\u0105cej Tamashi. Dzi\u0119ki zastosowaniu zaawansowanej technologii masa\u017cu, ta mata oferuje g\u0142\u0119boki relaks dla ca\u0142ego cia\u0142a. Jej precyzyjny design jest idealnie dopasowany do krzywizn cia\u0142a, zapewniaj\u0105c niezr\u00f3wnane doznania podczas masa\u017cu. Wyposa\u017cona w funkcj\u0119 regulacji pozycji i system podgrzewania, Ta mata doskonale odpr\u0119\u017ca mi\u0119\u015bnie i redukuje napi\u0119cie, pozwalaj\u0105c Ci na pe\u0142ne odpr\u0119\u017cenie po ci\u0119\u017ckim dniu. Tamashi to nie tylko urz\u0105dzenie do masa\u017cu, to tak\u017ce elegancki dodatek do wn\u0119trza, kt\u00f3ry dostarcza wyj\u0105tkowy komfort i relaksacj\u0119 na ka\u017cdym kroku.<\/p>\n<h4 class=\"uk-heading-bullet uk-margin-remove-bottom\" data-id=\"page#1-1-1-9\">Specyfikacja techniczna:<\/h4>\n<ul class=\"uk-list uk-list-bullet uk-margin\" data-id=\"page#1-1-1-10\" data-element=\"\">\n<li class=\"el-item\">\n<div class=\"el-content uk-panel\">Napi\u0119cie znamionowe: 210-230 V<\/div>\n<\/li>\n<li class=\"el-item\">\n<div class=\"el-content uk-panel\">Napi\u0119cie wej\u015bciowe: 12 V<\/div>\n<\/li>\n<li class=\"el-item\">\n<div class=\"el-content uk-panel\">Cz\u0119stotliwo\u015b\u0107: 50 Hz<\/div>\n<\/li>\n<li class=\"el-item\">\n<div class=\"el-content uk-panel\">Moc znamionowa: 60 W<\/div>\n<\/li>\n<\/ul>\n","protected":false},"featured_media":5893,"template":"","meta":[],"product_brand":[],"product_cat":[30,19],"product_tag":[],"class_list":{"0":"post-5891","1":"product","2":"type-product","3":"status-publish","4":"has-post-thumbnail","6":"product_cat-masazery","7":"product_cat-maty-masujace","9":"first","10":"instock","11":"shipping-taxable","12":"purchasable","13":"product-type-simple"},"_links":{"self":[{"href":"https:\/\/companylux.pl\/index.php\/wp-json\/wp\/v2\/product\/5891","targetHints":{"allow":["GET"]}}],"collection":[{"href":"https:\/\/companylux.pl\/index.php\/wp-json\/wp\/v2\/product"}],"about":[{"href":"https:\/\/companylux.pl\/index.php\/wp-json\/wp\/v2\/types\/product"}],"wp:featuredmedia":[{"embeddable":true,"href":"https:\/\/companylux.pl\/index.php\/wp-json\/wp\/v2\/media\/5893"}],"wp:attachment":[{"href":"https:\/\/companylux.pl\/index.php\/wp-json\/wp\/v2\/media?parent=5891"}],"wp:term":[{"taxonomy":"product_brand","embeddable":true,"href":"https:\/\/companylux.pl\/index.php\/wp-json\/wp\/v2\/product_brand?post=5891"},{"taxonomy":"product_cat","embeddable":true,"href":"https:\/\/companylux.pl\/index.php\/wp-json\/wp\/v2\/product_cat?post=5891"},{"taxonomy":"product_tag","embeddable":true,"href":"https:\/\/companylux.pl\/index.php\/wp-json\/wp\/v2\/product_tag?post=5891"}],"curies":[{"name":"wp","href":"https:\/\/api.w.org\/{rel}","templated":true}]}}