{"id":5884,"date":"2024-09-13T17:08:01","date_gmt":"2024-09-13T17:08:01","guid":{"rendered":"https:\/\/olktrading.pl\/?post_type=product&#038;p=5884"},"modified":"2025-03-02T17:29:19","modified_gmt":"2025-03-02T17:29:19","slug":"mata-masujaca-tourmaline","status":"publish","type":"product","link":"https:\/\/companylux.pl\/index.php\/produkt\/mata-masujaca-tourmaline\/","title":{"rendered":"Mata masuj\u0105ca <br>TOURMALINE"},"content":{"rendered":"","protected":false},"excerpt":{"rendered":"<p>Mata masuj\u0105ca TOURMALINE to doskona\u0142e rozwi\u0105zanie dla os\u00f3b szukaj\u0105cych terapeutycznego relaksu. Wykorzystuje ona w\u0142a\u015bciwo\u015bci turmalinu, kamienia o uznanych w\u0142a\u015bciwo\u015bciach prozdrowotnych, oraz nowoczesn\u0105 technologi\u0119 grzewcz\u0105, co pozwala na g\u0142\u0119bokie rozlu\u017anienie mi\u0119\u015bni i staw\u00f3w. Mata pozytywnie wp\u0142ywa na nastr\u00f3j, poprawia apetyt oraz jako\u015b\u0107 snu. Dodatkowo, zawarte w niej kamienie nefrytowe wspomagaj\u0105 funkcjonowanie nerek i wzmacniaj\u0105 uk\u0142ad odporno\u015bciowy. Dzi\u0119ki wykorzystaniu foton\u00f3w, mata TOURMALINE pobudza naturalne zdolno\u015bci regeneracyjne organizmu, \u0142agodz\u0105c napi\u0119cie oraz poprawiaj\u0105c koncentracj\u0119 i og\u00f3lne samopoczucie. Jest bezpieczna w u\u017cytkowaniu, szybko nagrzewa si\u0119 po pod\u0142\u0105czeniu do gniazdka, oferuj\u0105c przyjemne i lecznicze ciep\u0142o.<\/p>\n","protected":false},"featured_media":5889,"template":"","meta":[],"product_brand":[],"product_cat":[30,19],"product_tag":[],"class_list":{"0":"post-5884","1":"product","2":"type-product","3":"status-publish","4":"has-post-thumbnail","6":"product_cat-masazery","7":"product_cat-maty-masujace","9":"first","10":"instock","11":"shipping-taxable","12":"purchasable","13":"product-type-simple"},"_links":{"self":[{"href":"https:\/\/companylux.pl\/index.php\/wp-json\/wp\/v2\/product\/5884","targetHints":{"allow":["GET"]}}],"collection":[{"href":"https:\/\/companylux.pl\/index.php\/wp-json\/wp\/v2\/product"}],"about":[{"href":"https:\/\/companylux.pl\/index.php\/wp-json\/wp\/v2\/types\/product"}],"wp:featuredmedia":[{"embeddable":true,"href":"https:\/\/companylux.pl\/index.php\/wp-json\/wp\/v2\/media\/5889"}],"wp:attachment":[{"href":"https:\/\/companylux.pl\/index.php\/wp-json\/wp\/v2\/media?parent=5884"}],"wp:term":[{"taxonomy":"product_brand","embeddable":true,"href":"https:\/\/companylux.pl\/index.php\/wp-json\/wp\/v2\/product_brand?post=5884"},{"taxonomy":"product_cat","embeddable":true,"href":"https:\/\/companylux.pl\/index.php\/wp-json\/wp\/v2\/product_cat?post=5884"},{"taxonomy":"product_tag","embeddable":true,"href":"https:\/\/companylux.pl\/index.php\/wp-json\/wp\/v2\/product_tag?post=5884"}],"curies":[{"name":"wp","href":"https:\/\/api.w.org\/{rel}","templated":true}]}}