{"id":5878,"date":"2024-09-13T17:00:50","date_gmt":"2024-09-13T17:00:50","guid":{"rendered":"https:\/\/olktrading.pl\/?post_type=product&amp;p=5878"},"modified":"2024-09-13T17:00:50","modified_gmt":"2024-09-13T17:00:50","slug":"wielofunkcyjne-urzadzenie-kuchenne-tokit-omni-cook","status":"publish","type":"product","link":"https:\/\/companylux.pl\/index.php\/produkt\/wielofunkcyjne-urzadzenie-kuchenne-tokit-omni-cook\/","title":{"rendered":"Wielofunkcyjne urz\u0105dzenie kuchenne TOKIT OMNI COOK"},"content":{"rendered":"<p>TOKIT Omni Cook to innowacyjne, wielofunkcyjne urz\u0105dzenie kuchenne, kt\u00f3re rewolucjonizuje przygotowywanie posi\u0142k\u00f3w, zast\u0119puj\u0105c a\u017c 21 r\u00f3\u017cnych sprz\u0119t\u00f3w w jednym kompaktowym formacie. Wyposa\u017cony w 7-calowy ekran dotykowy, precyzyjn\u0105 wbudowan\u0105 wag\u0119 oraz silnik o mocy 500 W, zapewnia szybkie i efektywne gotowanie. Funkcje automatycznego czyszczenia i system wykrywania pokrywy zwi\u0119kszaj\u0105 wygod\u0119 i bezpiecze\u0144stwo u\u017cytkowania.<\/p>\n<p>Dzi\u0119ki szerokiemu wachlarzowi tryb\u00f3w gotowania i mo\u017cliwo\u015bci personalizacji, u\u017cytkownicy maj\u0105 pe\u0142n\u0105 kontrol\u0119 nad ka\u017cdym etapem przygotowywania potraw, co pozwala na tworzenie doskona\u0142ych da\u0144. Platforma CookNjoy, oferuj\u0105ca niemal 1000 przepis\u00f3w z ca\u0142ego \u015bwiata, sprawia, \u017ce TOKIT Omni Cook jest idealnym towarzyszem w kulinarnych przygodach, zar\u00f3wno dla pocz\u0105tkuj\u0105cych, jak i do\u015bwiadczonych kucharzy.<\/p>\n<h4 class=\"uk-heading-bullet uk-margin-remove-bottom uk-scrollspy-inview\" data-id=\"page#1-1-1-7\">Specyfikacja techniczna:<\/h4>\n<ul class=\"uk-list uk-list-bullet uk-margin uk-scrollspy-inview\" data-id=\"page#1-1-1-8\" data-element=\"\" uk-scrollspy-class=\"\">\n<li class=\"el-item\">\n<div class=\"el-content uk-panel\">CookNjoy \u2013 platforma zawieraj\u0105ca blisko 1000 przepis\u00f3w z ca\u0142ego \u015bwiata,<\/div>\n<\/li>\n<li class=\"el-item\">\n<div class=\"el-content uk-panel\">wbudowana waga pozwala na precyzyjne przygotowywanie potraw,<\/div>\n<\/li>\n<li class=\"el-item\">\n<div class=\"el-content uk-panel\">7 calowy dotykowy ekran,<\/div>\n<\/li>\n<li class=\"el-item\">\n<div class=\"el-content uk-panel\">mocny 500 W silnik,<\/div>\n<\/li>\n<li class=\"el-item\">\n<div class=\"el-content uk-panel\">tryb automatycznego czyszczenia,<\/div>\n<\/li>\n<li class=\"el-item\">\n<div class=\"el-content uk-panel\">system wykrywania pokrywy zapewniaj\u0105cy bezpiecze\u0144stwo u\u017cytkownikowi<\/div>\n<\/li>\n<\/ul>\n","protected":false},"excerpt":{"rendered":"<p>TOKIT Omni Cook to innowacyjne, wielofunkcyjne urz\u0105dzenie kuchenne, kt\u00f3re rewolucjonizuje przygotowywanie posi\u0142k\u00f3w, zast\u0119puj\u0105c a\u017c 21 r\u00f3\u017cnych sprz\u0119t\u00f3w w jednym kompaktowym formacie. Wyposa\u017cony w 7-calowy ekran dotykowy, precyzyjn\u0105 wbudowan\u0105 wag\u0119 oraz silnik o mocy 500 W, zapewnia szybkie i efektywne gotowanie. Funkcje automatycznego czyszczenia i system wykrywania pokrywy zwi\u0119kszaj\u0105 wygod\u0119 i bezpiecze\u0144stwo u\u017cytkowania. Dzi\u0119ki szerokiemu wachlarzowi [&hellip;]<\/p>\n","protected":false},"featured_media":5879,"template":"","meta":[],"product_brand":[],"product_cat":[18],"product_tag":[],"class_list":{"0":"post-5878","1":"product","2":"type-product","3":"status-publish","4":"has-post-thumbnail","6":"product_cat-urzadzenia-agd","8":"first","9":"instock","10":"shipping-taxable","11":"purchasable","12":"product-type-simple"},"_links":{"self":[{"href":"https:\/\/companylux.pl\/index.php\/wp-json\/wp\/v2\/product\/5878","targetHints":{"allow":["GET"]}}],"collection":[{"href":"https:\/\/companylux.pl\/index.php\/wp-json\/wp\/v2\/product"}],"about":[{"href":"https:\/\/companylux.pl\/index.php\/wp-json\/wp\/v2\/types\/product"}],"wp:featuredmedia":[{"embeddable":true,"href":"https:\/\/companylux.pl\/index.php\/wp-json\/wp\/v2\/media\/5879"}],"wp:attachment":[{"href":"https:\/\/companylux.pl\/index.php\/wp-json\/wp\/v2\/media?parent=5878"}],"wp:term":[{"taxonomy":"product_brand","embeddable":true,"href":"https:\/\/companylux.pl\/index.php\/wp-json\/wp\/v2\/product_brand?post=5878"},{"taxonomy":"product_cat","embeddable":true,"href":"https:\/\/companylux.pl\/index.php\/wp-json\/wp\/v2\/product_cat?post=5878"},{"taxonomy":"product_tag","embeddable":true,"href":"https:\/\/companylux.pl\/index.php\/wp-json\/wp\/v2\/product_tag?post=5878"}],"curies":[{"name":"wp","href":"https:\/\/api.w.org\/{rel}","templated":true}]}}