{"id":5875,"date":"2024-09-13T16:54:07","date_gmt":"2024-09-13T16:54:07","guid":{"rendered":"https:\/\/olktrading.pl\/?post_type=product&amp;p=5875"},"modified":"2024-09-13T16:54:07","modified_gmt":"2024-09-13T16:54:07","slug":"ozonator","status":"publish","type":"product","link":"https:\/\/companylux.pl\/index.php\/produkt\/ozonator\/","title":{"rendered":"Ozonator"},"content":{"rendered":"<h4 class=\"uk-heading-bullet uk-width-2xlarge\" data-id=\"page#1-2-0-0\" data-element=\"\">Odkryj moc ozonu dzi\u0119ki OzonAir OZ-7<\/h4>\n<div class=\"uk-panel uk-margin uk-width-2xlarge\" data-id=\"page#1-2-0-1\" data-element=\"\">Ten ozonator zosta\u0142 zaprojektowany z my\u015bl\u0105 o \u0142atwo\u015bci u\u017cytkowania. Dzi\u0119ki intuicyjnemu interfejsowi i prostym do zrozumienia instrukcjom, korzystanie z urz\u0105dzenia jest niezwykle proste. Wystarczy kilka prostych krok\u00f3w, aby cieszy\u0107 si\u0119 czystym i zdrowym powietrzem w Twoim otoczeniu, bez konieczno\u015bci \u017cmudnych procedur czy skomplikowanych ustawie\u0144. Urz\u0105dzenie zosta\u0142o starannie wykonane z najwy\u017cszej jako\u015bci komponent\u00f3w, zapewniaj\u0105c niezawodno\u015b\u0107 i trwa\u0142o\u015b\u0107 na d\u0142ugi czas. Mo\u017cesz cieszy\u0107 si\u0119 jego dzia\u0142aniem przez 8000-12000 godzin, zapewniaj\u0105c d\u0142ugoterminow\u0105 ochron\u0119 i komfort dla Twojego domu i rodziny.<\/div>\n<div data-id=\"page#1-2-0-1\" data-element=\"\"><\/div>\n<div data-id=\"page#1-2-0-1\" data-element=\"\">\n<h4 class=\"uk-h3 uk-heading-bullet\" data-id=\"page#1-2-1-0\">PRZYK\u0141ADY ZASTOSOWA\u0143 OZONAIR OZ-7:<\/h4>\n<ul class=\"uk-list uk-list-bullet uk-margin\" data-id=\"page#1-2-1-1\" data-element=\"\" uk-scrollspy=\"target: [uk-scrollspy-class];\">\n<li class=\"el-item\">\n<div class=\"el-content uk-panel\">Sterylizacja warzyw i owoc\u00f3w w wodzie<\/div>\n<\/li>\n<li class=\"el-item\">\n<div class=\"el-content uk-panel\">Sterylizacja mi\u0119sa w wodzie<\/div>\n<\/li>\n<li class=\"el-item\">\n<div class=\"el-content uk-panel\">Sterylizacja owoc\u00f3w morza w wodzie<\/div>\n<\/li>\n<li class=\"el-item\">\n<div class=\"el-content uk-panel\">Oczyszczanie powietrza w domu i w samochodzie<\/div>\n<\/li>\n<li class=\"el-item\">\n<div class=\"el-content uk-panel\">Dezynfekcja odzie\u017cy<\/div>\n<\/li>\n<li class=\"el-item\">\n<div class=\"el-content uk-panel\">Mycie zabawek<\/div>\n<\/li>\n<li class=\"el-item\">\n<div class=\"el-content uk-panel\">Piel\u0119gnacja sk\u00f3ry<\/div>\n<\/li>\n<\/ul>\n<\/div>\n","protected":false},"excerpt":{"rendered":"<p>Generator ozonu OzonAir OZ-7 to innowacyjne urz\u0105dzenie, kt\u00f3re skutecznie usuwa alergeny, wirusy i bakterie, zapewniaj\u0105c \u015bwie\u017ce i higieniczne powietrze w domu. Dzi\u0119ki niemu mo\u017cna wyeliminowa\u0107 niechciane zapachy, co pozwala cieszy\u0107 si\u0119 g\u0142\u0119bokim oddechem pe\u0142nym \u015bwie\u017co\u015bci.<\/p>\n","protected":false},"featured_media":2520,"template":"","meta":[],"product_brand":[],"product_cat":[18],"product_tag":[],"class_list":{"0":"post-5875","1":"product","2":"type-product","3":"status-publish","4":"has-post-thumbnail","6":"product_cat-urzadzenia-agd","8":"first","9":"instock","10":"shipping-taxable","11":"purchasable","12":"product-type-simple"},"_links":{"self":[{"href":"https:\/\/companylux.pl\/index.php\/wp-json\/wp\/v2\/product\/5875","targetHints":{"allow":["GET"]}}],"collection":[{"href":"https:\/\/companylux.pl\/index.php\/wp-json\/wp\/v2\/product"}],"about":[{"href":"https:\/\/companylux.pl\/index.php\/wp-json\/wp\/v2\/types\/product"}],"wp:featuredmedia":[{"embeddable":true,"href":"https:\/\/companylux.pl\/index.php\/wp-json\/wp\/v2\/media\/2520"}],"wp:attachment":[{"href":"https:\/\/companylux.pl\/index.php\/wp-json\/wp\/v2\/media?parent=5875"}],"wp:term":[{"taxonomy":"product_brand","embeddable":true,"href":"https:\/\/companylux.pl\/index.php\/wp-json\/wp\/v2\/product_brand?post=5875"},{"taxonomy":"product_cat","embeddable":true,"href":"https:\/\/companylux.pl\/index.php\/wp-json\/wp\/v2\/product_cat?post=5875"},{"taxonomy":"product_tag","embeddable":true,"href":"https:\/\/companylux.pl\/index.php\/wp-json\/wp\/v2\/product_tag?post=5875"}],"curies":[{"name":"wp","href":"https:\/\/api.w.org\/{rel}","templated":true}]}}