{"id":6264,"date":"2026-02-24T13:26:40","date_gmt":"2026-02-24T13:26:40","guid":{"rendered":"http:\/\/companylux.pl\/?page_id=6264"},"modified":"2026-02-24T13:53:52","modified_gmt":"2026-02-24T13:53:52","slug":"regulamin","status":"publish","type":"page","link":"https:\/\/companylux.pl\/index.php\/regulamin\/","title":{"rendered":"Regulamin"},"content":{"rendered":"<h3>REGULAMIN SKLEPU INTERNETOWEGO companylux.pl<\/h3>\n<p>Niniejszy Regulamin okre\u015bla og\u00f3lne warunki, zasady oraz spos\u00f3b sprzeda\u017cy prowadzonej przez Sprzedawc\u0119 za po\u015brednictwem sklepu internetowego dzia\u0142aj\u0105cego pod adresem <code data-gramm=\"false\">http:\/\/companylux.pl<\/code> (dalej: \u201eSklep Internetowy\u201d) oraz zasady \u015bwiadczenia us\u0142ug drog\u0105 elektroniczn\u0105.<\/p>\n<h4>Dane Sprzedawcy<\/h4>\n<ul>\n<li><strong>Firma:<\/strong> COMPANY LUX SP\u00d3\u0141KA Z OGRANICZON\u0104 ODPOWIEDZIALNO\u015aCI\u0104 SP\u00d3\u0141KA KOMANDYTOWA<\/li>\n<li><strong>Forma prawna:<\/strong> sp\u00f3\u0142ka komandytowa<\/li>\n<li><strong>Siedziba i adres:<\/strong> ul. Grochowe \u0141\u0105ki 2, lok. B7, 61-752 Pozna\u0144, Polska<\/li>\n<li><strong>NIP:<\/strong> 7831943110<\/li>\n<li><strong>REGON:<\/strong> 543437363<\/li>\n<li><strong>KRS:<\/strong> 0001209868<\/li>\n<li><strong>E-mail (kontakt i reklamacje):<\/strong> <code data-gramm=\"false\">biuro@companylux.pl<\/code><\/li>\n<li><strong>Adres Sklepu:<\/strong> <code data-gramm=\"false\">http:\/\/companylux.pl<\/code><\/li>\n<\/ul>\n<h3>1. Definicje<\/h3>\n<ol>\n<li><strong>Dni robocze<\/strong> oznaczaj\u0105 dni od poniedzia\u0142ku do pi\u0105tku z wy\u0142\u0105czeniem dni ustawowo wolnych od pracy.<\/li>\n<li><strong>Dostawa<\/strong> oznacza czynno\u015b\u0107 faktyczn\u0105 polegaj\u0105c\u0105 na dostarczeniu Klientowi Towaru przez Sprzedawc\u0119, samodzielnie lub za po\u015brednictwem podmiotu trzeciego.<\/li>\n<li><strong>Dostawca \/ Przewo\u017anik<\/strong> oznacza podmiot realizuj\u0105cy przew\u00f3z przesy\u0142ki (np. operator pocztowy, firma kurierska, operator automat\u00f3w paczkowych).<\/li>\n<li><strong>Klient<\/strong> oznacza podmiot, na rzecz kt\u00f3rego zgodnie z Regulaminem i przepisami prawa mog\u0105 by\u0107 \u015bwiadczone us\u0142ugi drog\u0105 elektroniczn\u0105 lub z kt\u00f3rym zawarta mo\u017ce by\u0107 Umowa sprzeda\u017cy.<\/li>\n<li><strong>Konsument<\/strong> oznacza osob\u0119 fizyczn\u0105 dokonuj\u0105c\u0105 z przedsi\u0119biorc\u0105 czynno\u015bci prawnej niezwi\u0105zanej bezpo\u015brednio z jej dzia\u0142alno\u015bci\u0105 gospodarcz\u0105 lub zawodow\u0105.<\/li>\n<li><strong>Przedsi\u0119biorca<\/strong> oznacza osob\u0119 fizyczn\u0105, osob\u0119 prawn\u0105 lub jednostk\u0119 organizacyjn\u0105 posiadaj\u0105c\u0105 zdolno\u015b\u0107 prawn\u0105, wykonuj\u0105c\u0105 we w\u0142asnym imieniu dzia\u0142alno\u015b\u0107 gospodarcz\u0105 lub zawodow\u0105.<\/li>\n<li><strong>Przedsi\u0119biorca na prawach Konsumenta<\/strong> oznacza osob\u0119 fizyczn\u0105 zawieraj\u0105c\u0105 Umow\u0119 sprzeda\u017cy bezpo\u015brednio zwi\u0105zan\u0105 z jej dzia\u0142alno\u015bci\u0105 gospodarcz\u0105, gdy z tre\u015bci Umowy wynika, \u017ce nie ma ona dla tej osoby charakteru zawodowego (art. 38a ustawy o prawach konsumenta).<\/li>\n<li><strong>Regulamin<\/strong> oznacza niniejszy regulamin.<\/li>\n<li><strong>Towar<\/strong> oznacza produkt prezentowany w Sklepie Internetowym, mog\u0105cy by\u0107 przedmiotem Umowy sprzeda\u017cy.<\/li>\n<li><strong>Umowa sprzeda\u017cy<\/strong> oznacza umow\u0119 sprzeda\u017cy zawart\u0105 na odleg\u0142o\u015b\u0107 pomi\u0119dzy Klientem a Sprzedawc\u0105.<\/li>\n<li><strong>Trwa\u0142y no\u015bnik<\/strong> oznacza materia\u0142 lub narz\u0119dzie umo\u017cliwiaj\u0105ce przechowywanie informacji w spos\u00f3b pozwalaj\u0105cy na dost\u0119p w przysz\u0142o\u015bci przez czas odpowiedni do cel\u00f3w tych informacji i odtworzenie ich w niezmienionej postaci.<\/li>\n<li><strong>Konto<\/strong> oznacza indywidualny panel Klienta w Sklepie Internetowym, je\u017celi Sklep udost\u0119pnia tak\u0105 funkcjonalno\u015b\u0107.<\/li>\n<\/ol>\n<h3>2. Postanowienia og\u00f3lne<\/h3>\n<ol>\n<li>Regulamin okre\u015bla zasady korzystania ze Sklepu Internetowego, sk\u0142adania zam\u00f3wie\u0144, zawierania Um\u00f3w sprzeda\u017cy, realizacji Dostawy, p\u0142atno\u015bci, reklamacji oraz odst\u0105pienia od Umowy sprzeda\u017cy.<\/li>\n<li>Do korzystania ze Sklepu Internetowego niezb\u0119dne jest urz\u0105dzenie z dost\u0119pem do Internetu oraz aktualna przegl\u0105darka internetowa z w\u0142\u0105czon\u0105 obs\u0142ug\u0105 JavaScript i plik\u00f3w cookies, a tak\u017ce aktywne konto poczty elektronicznej.<\/li>\n<li>Klient zobowi\u0105zany jest do korzystania ze Sklepu Internetowego w spos\u00f3b zgodny z prawem i dobrymi obyczajami, z poszanowaniem d\u00f3br osobistych i praw w\u0142asno\u015bci intelektualnej os\u00f3b trzecich.<\/li>\n<li>Zakazane jest dostarczanie tre\u015bci o charakterze bezprawnym.<\/li>\n<li>Sprzedawca stosuje pliki cookies zgodnie z informacjami udost\u0119pnionymi w Polityce prywatno\u015bci \/ Polityce cookies dost\u0119pnej w Sklepie Internetowym.<\/li>\n<\/ol>\n<h3>3. Us\u0142ugi elektroniczne (je\u017celi dost\u0119pne w Sklepie)<\/h3>\n<ol>\n<li>Sprzedawca mo\u017ce \u015bwiadczy\u0107 drog\u0105 elektroniczn\u0105 us\u0142ugi nieodp\u0142atne, w szczeg\u00f3lno\u015bci: Konto Klienta, Newsletter, formularze kontaktowe.<\/li>\n<li>Us\u0142ugi elektroniczne s\u0105 \u015bwiadczone 24\/7.<\/li>\n<li>Klient mo\u017ce w ka\u017cdym czasie zrezygnowa\u0107 z Newslettera poprzez link rezygnacji w wiadomo\u015bci lub kontakt na <code data-gramm=\"false\">biuro@companylux.pl<\/code>.<\/li>\n<li>Klient mo\u017ce \u017c\u0105da\u0107 usuni\u0119cia Konta, kontaktuj\u0105c si\u0119 z Sprzedawc\u0105.<\/li>\n<li>Reklamacje dotycz\u0105ce us\u0142ug elektronicznych Klient mo\u017ce sk\u0142ada\u0107 e-mailem na <code data-gramm=\"false\">biuro@companylux.pl<\/code>. Sprzedawca udzieli odpowiedzi w terminie 14 dni.<\/li>\n<\/ol>\n<h3>4. Sk\u0142adanie zam\u00f3wie\u0144<\/h3>\n<ol>\n<li>Informacje prezentowane w Sklepie Internetowym nie stanowi\u0105 oferty w rozumieniu Kodeksu cywilnego, a jedynie zaproszenie do sk\u0142adania ofert.<\/li>\n<li>Zam\u00f3wienia mo\u017cna sk\u0142ada\u0107 przez 7 dni w tygodniu, 24 godziny na dob\u0119, poprzez formularz zam\u00f3wienia w Sklepie.<\/li>\n<li>W celu z\u0142o\u017cenia zam\u00f3wienia Klient wybiera Towar, dodaje go do koszyka, wybiera spos\u00f3b Dostawy i p\u0142atno\u015bci oraz sk\u0142ada zam\u00f3wienie poprzez funkcj\u0119 \u201eZam\u00f3wienie z obowi\u0105zkiem zap\u0142aty\u201d (lub r\u00f3wnowa\u017cn\u0105).<\/li>\n<li>Przed z\u0142o\u017ceniem zam\u00f3wienia Klient jest informowany o \u0142\u0105cznej cenie Towaru, kosztach Dostawy oraz innych ewentualnych kosztach.<\/li>\n<li>Z\u0142o\u017cenie zam\u00f3wienia stanowi ofert\u0119 zawarcia Umowy sprzeda\u017cy.<\/li>\n<li>Po z\u0142o\u017ceniu zam\u00f3wienia Sprzedawca przesy\u0142a na adres e-mail Klienta potwierdzenie otrzymania zam\u00f3wienia.<\/li>\n<li>Z chwil\u0105 otrzymania przez Klienta informacji o przyj\u0119ciu zam\u00f3wienia do realizacji dochodzi do zawarcia Umowy sprzeda\u017cy.<\/li>\n<\/ol>\n<h3>5. Ceny<\/h3>\n<ol>\n<li>Ceny w Sklepie Internetowym s\u0105 cenami brutto, chyba \u017ce wyra\u017anie wskazano inaczej.<\/li>\n<li>Koszty Dostawy nie s\u0105 wliczone w cen\u0119 Towaru, o ile Sklep nie wskazuje inaczej. Koszty Dostawy s\u0105 podawane w procesie sk\u0142adania zam\u00f3wienia.<\/li>\n<\/ol>\n<h3>6. P\u0142atno\u015bci<\/h3>\n<ol>\n<li>Dost\u0119pne metody p\u0142atno\u015bci s\u0105 wskazane w Sklepie Internetowym w procesie sk\u0142adania zam\u00f3wienia.<\/li>\n<li>Rozliczenia transakcji elektronicznych i kart\u0105 p\u0142atnicz\u0105 realizowane s\u0105 za po\u015brednictwem operatora p\u0142atno\u015bci dost\u0119pnego w Sklepie (np. Przelewy24), zgodnie z jego regulaminem.<\/li>\n<li>Je\u017celi Klient wybierze przedp\u0142at\u0119, jest zobowi\u0105zany do dokonania p\u0142atno\u015bci w terminie wskazanym w Sklepie. Brak p\u0142atno\u015bci mo\u017ce skutkowa\u0107 anulowaniem zam\u00f3wienia.<\/li>\n<\/ol>\n<h3>7. Dostawa<\/h3>\n<ol>\n<li>Dostawa realizowana jest na terytorium Rzeczypospolitej Polskiej, chyba \u017ce Sklep wskazuje inaczej.<\/li>\n<li>Dostawa jest realizowana poprzez: <strong>kuriera, operatora pocztowego oraz InPost<\/strong> (np. automaty paczkowe \/ punkty odbioru), zgodnie z wyborem Klienta dost\u0119pnym w Sklepie.<\/li>\n<li>Sprzedawca informuje, \u017ce przesy\u0142ki mog\u0105 by\u0107 nadawane przez Sprzedawc\u0119 samodzielnie (np. w plac\u00f3wce operatora pocztowego lub poprzez nadanie przesy\u0142ki u wybranego Przewo\u017anika). Sklep mo\u017ce r\u00f3wnie\u017c korzysta\u0107 z us\u0142ug po\u015brednik\u00f3w nadawczych.<\/li>\n<li>Termin realizacji zam\u00f3wienia i Dostawy jest wskazany w Sklepie przy Towarze lub w koszyku. Je\u017celi nie wskazano inaczej, termin wynosi do 3 Dni roboczych od:\n<ul>\n<li>zaksi\u0119gowania p\u0142atno\u015bci, albo<\/li>\n<li>przyj\u0119cia zam\u00f3wienia do realizacji, gdy dost\u0119pna jest p\u0142atno\u015b\u0107 przy odbiorze.<\/li>\n<\/ul>\n<\/li>\n<li>Towary dostarczane s\u0105 na adres wskazany przez Klienta lub do wybranego punktu\/automatu paczkowego.<\/li>\n<li>Klient powinien sprawdzi\u0107 przesy\u0142k\u0119 przy odbiorze. W razie uszkodzenia lub ubytku przesy\u0142ki Klient ma prawo \u017c\u0105da\u0107 sporz\u0105dzenia protoko\u0142u szkody zgodnie z procedur\u0105 Przewo\u017anika.<\/li>\n<\/ol>\n<h3>8. Reklamacje i odpowiedzialno\u015b\u0107 Sprzedawcy<\/h3>\n<ol>\n<li>Sprzedawca odpowiada wobec Konsumenta oraz Przedsi\u0119biorcy na prawach Konsumenta za zgodno\u015b\u0107 Towaru z umow\u0105 na zasadach okre\u015blonych w obowi\u0105zuj\u0105cych przepisach prawa.<\/li>\n<li>Reklamacje dotycz\u0105ce Towaru lub realizacji Umowy sprzeda\u017cy Klient mo\u017ce sk\u0142ada\u0107:\n<ul>\n<li>e-mailem na <code data-gramm=\"false\">biuro@companylux.pl<\/code>, lub<\/li>\n<li>pisemnie na adres Sprzedawcy: ul. Grochowe \u0141\u0105ki 2, lok. B7, 61-752 Pozna\u0144.<\/li>\n<\/ul>\n<\/li>\n<li>Reklamacja powinna zawiera\u0107 co najmniej: imi\u0119 i nazwisko\/nazw\u0119 Klienta, dane kontaktowe, numer zam\u00f3wienia, opis zastrze\u017ce\u0144 oraz \u017c\u0105danie Klienta (je\u017celi dotyczy).<\/li>\n<li>Sprzedawca udzieli odpowiedzi na reklamacj\u0119 w terminie 14 dni od jej otrzymania.<\/li>\n<\/ol>\n<h3>9. Odst\u0105pienie od Umowy (zwroty)<\/h3>\n<ol>\n<li>Konsument oraz Przedsi\u0119biorca na prawach Konsumenta mo\u017ce odst\u0105pi\u0107 od Umowy sprzeda\u017cy w terminie 14 dni bez podawania przyczyny.<\/li>\n<li>Termin do odst\u0105pienia biegnie od dnia obj\u0119cia Towaru w posiadanie przez Klienta lub wskazan\u0105 przez niego osob\u0119 trzeci\u0105 inn\u0105 ni\u017c Przewo\u017anik.<\/li>\n<li>Aby skorzysta\u0107 z prawa odst\u0105pienia, Klient sk\u0142ada Sprzedawcy o\u015bwiadczenie o odst\u0105pieniu (np. e-mailem na <code data-gramm=\"false\">biuro@companylux.pl<\/code> lub listownie na adres Sprzedawcy).<\/li>\n<li>W razie odst\u0105pienia Umow\u0119 uznaje si\u0119 za niezawart\u0105.<\/li>\n<li>Sprzedawca zwr\u00f3ci Klientowi wszystkie otrzymane p\u0142atno\u015bci, w tym koszty Dostawy (z wyj\u0105tkiem dodatkowych koszt\u00f3w wynikaj\u0105cych z wyboru innego ni\u017c najta\u0144szy zwyk\u0142y spos\u00f3b Dostawy oferowany przez Sklep), nie p\u00f3\u017aniej ni\u017c w terminie 14 dni od otrzymania o\u015bwiadczenia o odst\u0105pieniu. Sprzedawca mo\u017ce wstrzyma\u0107 zwrot do chwili otrzymania Towaru z powrotem lub dostarczenia dowodu odes\u0142ania Towaru.<\/li>\n<li>Klient zwraca Towar niezw\u0142ocznie, jednak nie p\u00f3\u017aniej ni\u017c 14 dni od dnia odst\u0105pienia. Do zachowania terminu wystarczy odes\u0142anie Towaru przed jego up\u0142ywem.<\/li>\n<li>Klient ponosi bezpo\u015brednie koszty zwrotu Towaru, chyba \u017ce Sprzedawca zgodzi si\u0119 je ponie\u015b\u0107.<\/li>\n<li>Klient odpowiada za zmniejszenie warto\u015bci Towaru wynikaj\u0105ce z korzystania z niego w spos\u00f3b wykraczaj\u0105cy poza konieczny do stwierdzenia charakteru, cech i funkcjonowania Towaru.<\/li>\n<li>Prawo odst\u0105pienia nie przys\u0142uguje w przypadkach wskazanych w ustawie o prawach konsumenta, w szczeg\u00f3lno\u015bci dla rzeczy nieprefabrykowanych, wyprodukowanych wed\u0142ug specyfikacji Klienta lub s\u0142u\u017c\u0105cych zaspokojeniu jego zindywidualizowanych potrzeb.<\/li>\n<\/ol>\n<h3>10. Ochrona danych osobowych<\/h3>\n<p>Zasady przetwarzania danych osobowych opisane s\u0105 w Polityce prywatno\u015bci dost\u0119pnej w Sklepie Internetowym pod adresem <code data-gramm=\"false\">http:\/\/companylux.pl<\/code>.<\/p>\n<h3>11. Postanowienia ko\u0144cowe<\/h3>\n<ol>\n<li>Regulamin jest dost\u0119pny w Sklepie Internetowym i mo\u017ce zosta\u0107 utrwalony poprzez wydruk lub zapisanie na trwa\u0142ym no\u015bniku.<\/li>\n<li>W sprawach nieuregulowanych zastosowanie maj\u0105 przepisy prawa polskiego.<\/li>\n<li>Sprzedawca informuje o mo\u017cliwo\u015bci skorzystania przez Konsumenta z pozas\u0105dowych sposob\u00f3w rozpatrywania reklamacji i dochodzenia roszcze\u0144.<\/li>\n<li>Sprzedawca informuje, \u017ce pod adresem <code data-gramm=\"false\">https:\/\/ec.europa.eu\/consumers\/odr<\/code> dost\u0119pna jest platforma ODR.<\/li>\n<li>Sprzedawca zastrzega mo\u017cliwo\u015b\u0107 zmiany Regulaminu z wa\u017cnych przyczyn (np. zmiana przepis\u00f3w, zmiana metod p\u0142atno\u015bci i dostawy, zmiana funkcjonalno\u015bci Sklepu). Zmiany nie dotycz\u0105 zam\u00f3wie\u0144 z\u0142o\u017conych przed wej\u015bciem w \u017cycie zmian.<\/li>\n<\/ol>\n<p><strong>Data wej\u015bcia w \u017cycie:<\/strong> 24.02.2026<\/p>\n","protected":false},"excerpt":{"rendered":"<p>REGULAMIN SKLEPU INTERNETOWEGO companylux.pl Niniejszy Regulamin okre\u015bla og\u00f3lne warunki, zasady oraz spos\u00f3b sprzeda\u017cy prowadzonej przez Sprzedawc\u0119 za po\u015brednictwem sklepu internetowego dzia\u0142aj\u0105cego pod adresem http:\/\/companylux.pl (dalej: \u201eSklep Internetowy\u201d) oraz zasady \u015bwiadczenia us\u0142ug drog\u0105 elektroniczn\u0105. Dane Sprzedawcy Firma: COMPANY LUX SP\u00d3\u0141KA Z OGRANICZON\u0104 ODPOWIEDZIALNO\u015aCI\u0104 SP\u00d3\u0141KA KOMANDYTOWA Forma prawna: sp\u00f3\u0142ka komandytowa Siedziba i adres: ul. Grochowe \u0141\u0105ki 2, [&hellip;]<\/p>\n","protected":false},"author":1,"featured_media":0,"parent":0,"menu_order":0,"comment_status":"closed","ping_status":"closed","template":"elementor_header_footer","meta":{"footnotes":""},"class_list":["post-6264","page","type-page","status-publish","hentry"],"_links":{"self":[{"href":"https:\/\/companylux.pl\/index.php\/wp-json\/wp\/v2\/pages\/6264","targetHints":{"allow":["GET"]}}],"collection":[{"href":"https:\/\/companylux.pl\/index.php\/wp-json\/wp\/v2\/pages"}],"about":[{"href":"https:\/\/companylux.pl\/index.php\/wp-json\/wp\/v2\/types\/page"}],"author":[{"embeddable":true,"href":"https:\/\/companylux.pl\/index.php\/wp-json\/wp\/v2\/users\/1"}],"replies":[{"embeddable":true,"href":"https:\/\/companylux.pl\/index.php\/wp-json\/wp\/v2\/comments?post=6264"}],"version-history":[{"count":6,"href":"https:\/\/companylux.pl\/index.php\/wp-json\/wp\/v2\/pages\/6264\/revisions"}],"predecessor-version":[{"id":6275,"href":"https:\/\/companylux.pl\/index.php\/wp-json\/wp\/v2\/pages\/6264\/revisions\/6275"}],"wp:attachment":[{"href":"https:\/\/companylux.pl\/index.php\/wp-json\/wp\/v2\/media?parent=6264"}],"curies":[{"name":"wp","href":"https:\/\/api.w.org\/{rel}","templated":true}]}}