{"id":6124,"date":"2025-03-02T18:36:28","date_gmt":"2025-03-02T18:36:28","guid":{"rendered":"http:\/\/companylux.pl\/?page_id=6124"},"modified":"2025-03-02T18:37:58","modified_gmt":"2025-03-02T18:37:58","slug":"kontakt","status":"publish","type":"page","link":"https:\/\/companylux.pl\/index.php\/kontakt\/","title":{"rendered":"Kontakt"},"content":{"rendered":"\n<div class=\"wp-block-themepunch-revslider revslider\" data-modal=\"false\" data-slidertitle=\"Goodnews Menu1\" style=\"\">\n\t\t\t\t<p class=\"rs-p-wp-fix\"><\/p>\n\t\t\t\t<sr7-module data-alias=\"goodnewsmenu1\" data-id=\"12\" id=\"menu\" class=\"rs-ov-hidden\" data-version=\"6.7.29\">\n\t\t\t\t\t<sr7-adjuster><\/sr7-adjuster>\n\t\t\t\t\t<sr7-content>\n\t\t\t\t\t\t<sr7-slide id=\"menu-27\" data-key=\"27\">\n\t\t\t\t\t\t\t<a id=\"menu-27-48\" class=\"sr7-layer\" href=\"#welcome\" target=\"_self\">COMPANY LUX<\/a>\n\t\t\t\t\t\t\t<a id=\"menu-27-53\" class=\"sr7-layer\" href=\"http:\/\/companylux.pl\/\" target=\"_self\">Strona g\u0142owna<\/a>\n\t\t\t\t\t\t\t<a id=\"menu-27-54\" class=\"sr7-layer\" href=\"http:\/\/companylux.pl\/index.php\/sklep\/?orderby=date\" target=\"_self\">Sklep<\/a>\n\t\t\t\t\t\t\t<a id=\"menu-27-55\" class=\"sr7-layer\" href=\"http:\/\/companylux.pl\/index.php\/koszyk\/\" target=\"_self\">Koszyk<\/a>\n\t\t\t\t\t\t\t<a id=\"menu-27-56\" class=\"sr7-layer\" href=\"https:\/\/l.efines.pl\/jglg\" target=\"_self\">Raty<\/a>\n\t\t\t\t\t\t\t<a id=\"menu-27-57\" class=\"sr7-layer\" href=\"http:\/\/companylux.pl\/index.php\/kontakt\/\" target=\"_self\">Kontakt<\/a>\n\t\t\t\t\t\t\t<sr7-txt id=\"menu-27-60\" class=\"sr7-layer\"><i class=\"pe-7s-share\"><\/i><\/sr7-txt>\n\t\t\t\t\t\t\t<a id=\"menu-27-62\" class=\"sr7-layer\" href=\"https:\/\/www.facebook.com\/wordpress.slider.revolution\" target=\"_blank\" rel=\"nofollow noopener\"><i class=\"fa-facebook-f\"><\/i><\/a>\n\t\t\t\t\t\t\t<a id=\"menu-27-63\" class=\"sr7-layer\" href=\"https:\/\/www.twitter.com\/revslider\" target=\"_blank\" rel=\"nofollow noopener\"><i class=\"fa-twitter\"><\/i><\/a>\n\t\t\t\t\t\t\t<a id=\"menu-27-64\" class=\"sr7-layer\" href=\"https:\/\/www.instagram.com\/sliderrevolution\" target=\"_blank\" rel=\"nofollow noopener\"><i class=\"fa-instagram\"><\/i> <\/a>\n\t\t\t\t\t\t<\/sr7-slide>\n\t\t\t\t\t\t<sr7-slide id=\"menu-29\" data-key=\"29\">\n\t\t\t\t\t\t<\/sr7-slide>\n\t\t\t\t\t<\/sr7-content>\n\t\t\t\t<\/sr7-module>\n\t\t\t\t<script>\n\t\t\t\t\tSR7.PMH ??={}; SR7.PMH[\"menu\"] = {cn:100,state:false,fn: function() { if (_tpt!==undefined && _tpt.prepareModuleHeight !== undefined) {  _tpt.prepareModuleHeight({id:\"menu\",el:[960,960,960,700,700],fixed:true,type:'hero',shdw:'0',gh:[960,960,960,700,700],gw:[1240,1240,1024,778,480],vpt:['-200px&#039;,&#039;-200px&#039;,&#039;-200px&#039;,&#039;-200px&#039;,&#039;-200px'],size:{fullWidth:true, fullHeight:true},fho:'',mh:'0',onh:0,onw:0,bg:{color:'{\"orig\":\"transparent\",\"type\":\"solid\",\"string\":\"transparent\"}'},plType:'-1',plColor:'#333333'});   SR7.PMH[\"menu\"].state=true;} else if(SR7.PMH[\"menu\"].cn-->0)\tsetTimeout( SR7.PMH[\"menu\"].fn,19);}};SR7.PMH[\"menu\" ].fn();\n\t\t\t\t<\/script>\n<\/div>\n\n\n\n<div class=\"wp-block-themepunch-revslider revslider\" data-modal=\"false\" data-slidertitle=\"Themeplicity Contactform\" style=\"\">\n\t\t\t\t<p class=\"rs-p-wp-fix\"><\/p>\n\t\t\t\t<sr7-module data-alias=\"themeplicity_contactform\" data-id=\"22\" id=\"SR7_22_2\" class=\"rs-ov-hidden\" data-version=\"6.7.29\">\n\t\t\t\t\t<sr7-adjuster><\/sr7-adjuster>\n\t\t\t\t\t<sr7-content>\n\t\t\t\t\t\t<sr7-slide id=\"SR7_22_2-44\" data-key=\"44\">\n\t\t\t\t\t\t\t<sr7-txt id=\"SR7_22_2-44-5\" class=\"sr7-layer\">Masz pytania?<\/sr7-txt>\n\t\t\t\t\t\t\t<sr7-txt id=\"SR7_22_2-44-6\" class=\"sr7-layer\">Zadzwo\u0144, napisz<\/sr7-txt>\n\t\t\t\t\t\t\t<sr7-txt id=\"SR7_22_2-44-32\" class=\"sr7-layer\">Je\u017celi maj\u0105 Pa\u0144stwo jakiekolwiek pytania dotycz\u0105ce naszych produkt\u00f3w lub chcieliby Pa\u0144stwo um\u00f3wi\u0107 si\u0119 na bezp\u0142atn\u0105 prezentacj\u0119, prosimy o kontakt. <\/sr7-txt>\n\t\t\t\t\t\t\t<sr7-txt id=\"SR7_22_2-44-33\" class=\"sr7-layer\">Company Lux<br>\n\n<\/sr7-txt>\n\t\t\t\t\t\t\t<sr7-txt id=\"SR7_22_2-44-34\" class=\"sr7-layer\"><i class=\"fa-tty\" style=\"color:#7cd3c8;margin-right:5px;\"><\/i> <a href=\"#\"> Infolinia 782 437 400 w godzinach:  9-15 <\/a><\/sr7-txt>\n\t\t\t\t\t\t\t<sr7-txt id=\"SR7_22_2-44-35\" class=\"sr7-layer\"><i class=\"fa-envelope-o\" style=\"color:#7cd3c8;margin-right:5px;\"><\/i> <a href=\"mailto:info@companylux.pl\">info@companylux.pl<\/a><\/sr7-txt>\n\t\t\t\t\t\t<\/sr7-slide>\n\t\t\t\t\t\t<sr7-slide id=\"SR7_22_2-50\" data-key=\"50\">\n\t\t\t\t\t\t<\/sr7-slide>\n\t\t\t\t\t<\/sr7-content>\n\t\t\t\t\t<image_lists style=\"display:none\">\n\t\t\t\t\t\t<img data-src=\"\/\/companylux.pl\/wp-content\/uploads\/revslider\/themeplicity_contactform\/color_angle-1.png\" data-libid=\"6119\" title=\"color_angle-1.png\" width=\"0\" height=\"0\" data-dbsrc=\"Ly9jb21wYW55bHV4LnBsL3dwLWNvbnRlbnQvdXBsb2Fkcy9yZXZzbGlkZXIvdGhlbWVwbGljaXR5X2NvbnRhY3Rmb3JtL2NvbG9yX2FuZ2xlLTEucG5n\"\/>\n\t\t\t\t\t\t<img data-src=\"\/\/companylux.pl\/wp-content\/uploads\/revslider\/themeplicity_contactform\/object_headphones_1.png\" data-libid=\"6120\" title=\"object_headphones_1.png\" width=\"0\" height=\"0\" data-dbsrc=\"Ly9jb21wYW55bHV4LnBsL3dwLWNvbnRlbnQvdXBsb2Fkcy9yZXZzbGlkZXIvdGhlbWVwbGljaXR5X2NvbnRhY3Rmb3JtL29iamVjdF9oZWFkcGhvbmVzXzEucG5n\"\/>\n\t\t\t\t\t<\/image_lists>\n\t\t\t\t<\/sr7-module>\n\t\t\t\t<script>\n\t\t\t\t\tSR7.PMH ??={}; SR7.PMH[\"SR7_22_2\"] = {cn:100,state:false,fn: function() { if (_tpt!==undefined && _tpt.prepareModuleHeight !== undefined) {  _tpt.prepareModuleHeight({id:\"SR7_22_2\",el:[1084,1084,1044,1078,969],type:'hero',shdw:'0',gh:[1067,1067,768,960,720],gw:[1240,1240,1024,778,480],vpt:['40%&#039;,&#039;40%&#039;,&#039;40%&#039;,&#039;40%&#039;,&#039;40%'],size:{fullWidth:true, fullHeight:false},mh:'0',onh:0,onw:0,bg:{color:'{\"orig\":\"transparent\",\"type\":\"solid\",\"string\":\"transparent\"}'},plType:'-1',plColor:'#FFFFFF'});   SR7.PMH[\"SR7_22_2\"].state=true;} else if(SR7.PMH[\"SR7_22_2\"].cn-->0)\tsetTimeout( SR7.PMH[\"SR7_22_2\"].fn,19);}};SR7.PMH[\"SR7_22_2\" ].fn();\n\t\t\t\t<\/script>\n<\/div>\n\n\n\n<div class=\"wp-block-themepunch-revslider revslider\" data-modal=\"false\" data-slidertitle=\"Goodnews Footer1\" style=\"\">\n\t\t\t\t<p class=\"rs-p-wp-fix\"><\/p>\n\t\t\t\t<sr7-module data-alias=\"goodnewsfooter1\" data-id=\"10\" id=\"SR7_10_3\" class=\"rs-ov-hidden\" data-version=\"6.7.29\">\n\t\t\t\t\t<sr7-adjuster><\/sr7-adjuster>\n\t\t\t\t\t<sr7-content>\n\t\t\t\t\t\t<sr7-slide id=\"SR7_10_3-22\" data-key=\"22\">\n\t\t\t\t\t\t\t<a id=\"SR7_10_3-22-9\" class=\"sr7-layer\" href=\"http:\/\/companylux.pl\/index.php\/regulamin\/\" target=\"_self\">Regulamin sklepu<\/a>\n\t\t\t\t\t\t\t<sr7-txt id=\"SR7_10_3-22-23\" class=\"sr7-layer\">Regulamin<\/sr7-txt>\n\t\t\t\t\t\t\t<a id=\"SR7_10_3-22-38\" class=\"sr7-layer\" href=\"#\" target=\"_blank\" rel=\"noopener\"><\/a>\n\t\t\t\t\t\t\t<a id=\"SR7_10_3-22-40\" class=\"sr7-layer\" href=\"#\" target=\"_blank\" rel=\"noopener\">9:00 \u2013 15:00<\/a>\n\t\t\t\t\t\t\t<a id=\"SR7_10_3-22-42\" class=\"sr7-layer\" href=\"#\" target=\"_blank\" rel=\"noopener\">Tel: 782 437 400<\/a>\n\t\t\t\t\t\t\t<a id=\"SR7_10_3-22-43\" class=\"sr7-layer\" href=\"https:\/\/www.youtube.com\/playlist?list=PLSCdqDWVMJPPXEuOEqYEQMAsp0vAYw52_\" target=\"_blank\" rel=\"noopener\">Email: biuro@companylux.pl<\/a>\n\t\t\t\t\t\t\t<sr7-txt id=\"SR7_10_3-22-54\" class=\"sr7-layer\">Godziny otwarcia<\/sr7-txt>\n\t\t\t\t\t\t\t<sr7-txt id=\"SR7_10_3-22-55\" class=\"sr7-layer\">Company Lux Sp. z o.o. Sp.K.<\/sr7-txt>\n\t\t\t\t\t\t<\/sr7-slide>\n\t\t\t\t\t\t<sr7-slide id=\"SR7_10_3-23\" data-key=\"23\">\n\t\t\t\t\t\t<\/sr7-slide>\n\t\t\t\t\t<\/sr7-content>\n\t\t\t\t<\/sr7-module>\n\t\t\t\t<script>\n\t\t\t\t\tSR7.PMH ??={}; SR7.PMH[\"SR7_10_3\"] = {cn:100,state:false,fn: function() { if (_tpt!==undefined && _tpt.prepareModuleHeight !== undefined) {  _tpt.prepareModuleHeight({id:\"SR7_10_3\",el:[534,534,400,500,740],type:'hero',shdw:'0',gh:[400,400,400,500,500],gw:[1240,1240,1024,778,480],vpt:['20%&#039;,&#039;20%&#039;,&#039;20%&#039;,&#039;20%&#039;,&#039;20%'],size:{fullWidth:true, fullHeight:false},mh:'0',onh:0,onw:0,bg:{color:'{\"type\":\"solid\",\"orig\":\"#2d3032\",\"string\":\"rgba(45, 48, 50, 1)\"}'},plType:'-1',plColor:'#313437'});   SR7.PMH[\"SR7_10_3\"].state=true;} else if(SR7.PMH[\"SR7_10_3\"].cn-->0)\tsetTimeout( SR7.PMH[\"SR7_10_3\"].fn,19);}};SR7.PMH[\"SR7_10_3\" ].fn();\n\t\t\t\t<\/script>\n<\/div>\n","protected":false},"excerpt":{"rendered":"","protected":false},"author":1,"featured_media":0,"parent":0,"menu_order":0,"comment_status":"closed","ping_status":"closed","template":"..\/public\/views\/revslider-page-template.php","meta":{"footnotes":""},"class_list":["post-6124","page","type-page","status-publish","hentry"],"_links":{"self":[{"href":"https:\/\/companylux.pl\/index.php\/wp-json\/wp\/v2\/pages\/6124","targetHints":{"allow":["GET"]}}],"collection":[{"href":"https:\/\/companylux.pl\/index.php\/wp-json\/wp\/v2\/pages"}],"about":[{"href":"https:\/\/companylux.pl\/index.php\/wp-json\/wp\/v2\/types\/page"}],"author":[{"embeddable":true,"href":"https:\/\/companylux.pl\/index.php\/wp-json\/wp\/v2\/users\/1"}],"replies":[{"embeddable":true,"href":"https:\/\/companylux.pl\/index.php\/wp-json\/wp\/v2\/comments?post=6124"}],"version-history":[{"count":2,"href":"https:\/\/companylux.pl\/index.php\/wp-json\/wp\/v2\/pages\/6124\/revisions"}],"predecessor-version":[{"id":6127,"href":"https:\/\/companylux.pl\/index.php\/wp-json\/wp\/v2\/pages\/6124\/revisions\/6127"}],"wp:attachment":[{"href":"https:\/\/companylux.pl\/index.php\/wp-json\/wp\/v2\/media?parent=6124"}],"curies":[{"name":"wp","href":"https:\/\/api.w.org\/{rel}","templated":true}]}}