{"id":47,"date":"2025-03-01T21:12:33","date_gmt":"2025-03-01T21:12:33","guid":{"rendered":"http:\/\/companylux.pl\/?page_id=47"},"modified":"2025-11-20T06:46:21","modified_gmt":"2025-11-20T06:46:21","slug":"revslider-page-1","status":"publish","type":"page","link":"https:\/\/companylux.pl\/","title":{"rendered":"RevSlider Page 1"},"content":{"rendered":"\n<div class=\"wp-block-themepunch-revslider revslider\" data-modal=\"false\" data-slidertitle=\"Goodnews Menu1\" style=\"\">\n\t\t\t\t<p class=\"rs-p-wp-fix\"><\/p>\n\t\t\t\t<sr7-module data-alias=\"goodnewsmenu1\" data-id=\"12\" id=\"menu\" class=\"rs-ov-hidden\" data-version=\"6.7.29\">\n\t\t\t\t\t<sr7-adjuster><\/sr7-adjuster>\n\t\t\t\t\t<sr7-content>\n\t\t\t\t\t\t<sr7-slide id=\"menu-27\" data-key=\"27\">\n\t\t\t\t\t\t\t<a id=\"menu-27-48\" class=\"sr7-layer\" href=\"#welcome\" target=\"_self\">COMPANY LUX<\/a>\n\t\t\t\t\t\t\t<a id=\"menu-27-53\" class=\"sr7-layer\" href=\"http:\/\/companylux.pl\/\" target=\"_self\">Strona g\u0142owna<\/a>\n\t\t\t\t\t\t\t<a id=\"menu-27-54\" class=\"sr7-layer\" href=\"http:\/\/companylux.pl\/index.php\/sklep\/?orderby=date\" target=\"_self\">Sklep<\/a>\n\t\t\t\t\t\t\t<a id=\"menu-27-55\" class=\"sr7-layer\" href=\"http:\/\/companylux.pl\/index.php\/koszyk\/\" target=\"_self\">Koszyk<\/a>\n\t\t\t\t\t\t\t<a id=\"menu-27-56\" class=\"sr7-layer\" href=\"https:\/\/l.efines.pl\/jglg\" target=\"_self\">Raty<\/a>\n\t\t\t\t\t\t\t<a id=\"menu-27-57\" class=\"sr7-layer\" href=\"http:\/\/companylux.pl\/index.php\/kontakt\/\" target=\"_self\">Kontakt<\/a>\n\t\t\t\t\t\t\t<sr7-txt id=\"menu-27-60\" class=\"sr7-layer\"><i class=\"pe-7s-share\"><\/i><\/sr7-txt>\n\t\t\t\t\t\t\t<a id=\"menu-27-62\" class=\"sr7-layer\" href=\"https:\/\/www.facebook.com\/wordpress.slider.revolution\" target=\"_blank\" rel=\"nofollow noopener\"><i class=\"fa-facebook-f\"><\/i><\/a>\n\t\t\t\t\t\t\t<a id=\"menu-27-63\" class=\"sr7-layer\" href=\"https:\/\/www.twitter.com\/revslider\" target=\"_blank\" rel=\"nofollow noopener\"><i class=\"fa-twitter\"><\/i><\/a>\n\t\t\t\t\t\t\t<a id=\"menu-27-64\" class=\"sr7-layer\" href=\"https:\/\/www.instagram.com\/sliderrevolution\" target=\"_blank\" rel=\"nofollow noopener\"><i class=\"fa-instagram\"><\/i> <\/a>\n\t\t\t\t\t\t<\/sr7-slide>\n\t\t\t\t\t\t<sr7-slide id=\"menu-29\" data-key=\"29\">\n\t\t\t\t\t\t<\/sr7-slide>\n\t\t\t\t\t<\/sr7-content>\n\t\t\t\t<\/sr7-module>\n\t\t\t\t<script>\n\t\t\t\t\tSR7.PMH ??={}; SR7.PMH[\"menu\"] = {cn:100,state:false,fn: function() { if (_tpt!==undefined && _tpt.prepareModuleHeight !== undefined) {  _tpt.prepareModuleHeight({id:\"menu\",el:[960,960,960,700,700],fixed:true,type:'hero',shdw:'0',gh:[960,960,960,700,700],gw:[1240,1240,1024,778,480],vpt:['-200px&#039;,&#039;-200px&#039;,&#039;-200px&#039;,&#039;-200px&#039;,&#039;-200px'],size:{fullWidth:true, fullHeight:true},fho:'',mh:'0',onh:0,onw:0,bg:{color:'{\"orig\":\"transparent\",\"type\":\"solid\",\"string\":\"transparent\"}'},plType:'-1',plColor:'#333333'});   SR7.PMH[\"menu\"].state=true;} else if(SR7.PMH[\"menu\"].cn-->0)\tsetTimeout( SR7.PMH[\"menu\"].fn,19);}};SR7.PMH[\"menu\" ].fn();\n\t\t\t\t<\/script>\n<\/div>\n\n\n\n<div class=\"wp-block-themepunch-revslider revslider\" data-modal=\"false\" data-slidertitle=\"Goodnews Header1\" style=\"\">\n\t\t\t\t<p class=\"rs-p-wp-fix\"><\/p>\n\t\t\t\t<sr7-module data-alias=\"goodnewsheader1\" data-id=\"11\" id=\"welcome\" class=\"rs-respect-topbar rs-ov-hidden\" data-version=\"6.7.29\">\n\t\t\t\t\t<sr7-adjuster><\/sr7-adjuster>\n\t\t\t\t\t<sr7-content>\n\t\t\t\t\t\t<sr7-slide id=\"welcome-24\" data-key=\"24\">\n\t\t\t\t\t\t\t<sr7-txt id=\"welcome-24-3\" class=\"sr7-layer\">Company Lux<\/sr7-txt>\n\t\t\t\t\t\t\t<a id=\"welcome-24-4\" class=\"sr7-layer\" href=\"#\" target=\"_self\">Odkryj szerok\u0105 gam\u0119 naszych produkt\u00f3w premium, kt\u00f3re pomog\u0105 Ci w codziennych obowi\u0105zkach domowych i umo\u017cliwi\u0105 pe\u0142en relaks i odpr\u0119\u017cenie.<\/a>\n\t\t\t\t\t\t\t<sr7-txt id=\"welcome-24-5\" class=\"sr7-layer\">Company Lux<\/sr7-txt>\n\t\t\t\t\t\t<\/sr7-slide>\n\t\t\t\t\t\t<sr7-slide id=\"welcome-25\" data-key=\"25\">\n\t\t\t\t\t\t\t<sr7-txt id=\"welcome-25-3\" class=\"sr7-layer\">Company Lux<\/sr7-txt>\n\t\t\t\t\t\t\t<a id=\"welcome-25-4\" class=\"sr7-layer\" href=\"#\" target=\"_self\">Nasze urz\u0105dzenia to doskona\u0142e rozwi\u0105zanie, umo\u017cliwiaj\u0105ce profesjonalny masa\u017c w zaciszu w\u0142asnego domu.<\/a>\n\t\t\t\t\t\t\t<sr7-txt id=\"welcome-25-5\" class=\"sr7-layer\">Company Lux<\/sr7-txt>\n\t\t\t\t\t\t<\/sr7-slide>\n\t\t\t\t\t\t<sr7-slide id=\"welcome-26\" data-key=\"26\">\n\t\t\t\t\t\t\t<sr7-txt id=\"welcome-26-3\" class=\"sr7-layer\">Company Lux<\/sr7-txt>\n\t\t\t\t\t\t\t<a id=\"welcome-26-4\" class=\"sr7-layer\" href=\"#\" target=\"_self\">Wszystkie nasze produkty zapewniaj\u0105 komfort, eliminuj\u0105c konieczno\u015b\u0107 regularnych wizyt u specjalist\u00f3w. To skuteczne i ekonomiczne rozwi\u0105zanie do d\u0142ugotrwa\u0142ej piel\u0119gnacji mi\u0119\u015bni<\/a>\n\t\t\t\t\t\t\t<sr7-txt id=\"welcome-26-5\" class=\"sr7-layer\">Company Lux\n<\/sr7-txt>\n\t\t\t\t\t\t<\/sr7-slide>\n\t\t\t\t\t\t<sr7-slide id=\"welcome-28\" data-key=\"28\">\n\t\t\t\t\t\t<\/sr7-slide>\n\t\t\t\t\t<\/sr7-content>\n\t\t\t\t<\/sr7-module>\n\t\t\t\t<script>\n\t\t\t\t\tSR7.PMH ??={}; SR7.PMH[\"welcome\"] = {cn:100,state:false,fn: function() { if (_tpt!==undefined && _tpt.prepareModuleHeight !== undefined) {  _tpt.prepareModuleHeight({id:\"welcome\",el:[950,950,700,700,700],type:'standard',shdw:'0',gh:[950,950,700,700,700],gw:[1240,1240,1024,778,480],vpt:['20%&#039;,&#039;20%&#039;,&#039;20%&#039;,&#039;20%&#039;,&#039;20%'],size:{fullWidth:true, fullHeight:true},fho:'#masthead,',mh:'0',onh:0,onw:0,bg:{color:'{\"type\":\"solid\",\"orig\":\"#eeeeee\",\"string\":\"rgba(238, 238, 238, 1)\"}'},plType:'3',plColor:'#FFFFFF'});   SR7.PMH[\"welcome\"].state=true;} else if(SR7.PMH[\"welcome\"].cn-->0)\tsetTimeout( SR7.PMH[\"welcome\"].fn,19);}};SR7.PMH[\"welcome\" ].fn();\n\t\t\t\t<\/script>\n<\/div>\n\n\n\n<div class=\"wp-block-themepunch-revslider revslider\" data-modal=\"false\" data-slidertitle=\"Goodnews Whats Hot1\" style=\"\">\n\t\t\t\t<p class=\"rs-p-wp-fix\"><\/p>\n\t\t\t\t<sr7-module data-alias=\"goodnewswhatshot1\" data-id=\"13\" id=\"whatshot\" class=\"rs-ov-hidden\" data-version=\"6.7.29\">\n\t\t\t\t\t<sr7-adjuster><\/sr7-adjuster>\n\t\t\t\t\t<sr7-content>\n\t\t\t\t\t\t<sr7-slide id=\"whatshot-30\" data-key=\"30\">\n\t\t\t\t\t\t\t<sr7-txt id=\"whatshot-30-2\" class=\"sr7-layer\">ZDROWY DOM<\/sr7-txt>\n\t\t\t\t\t\t\t<a id=\"whatshot-30-3\" class=\"sr7-layer\" href=\"http:\/\/companylux.pl\/index.php\/kategoria-produktu\/masazery\/\" target=\"_self\">Masa\u017cery r\u0119czne, maty masuj\u0105ce, masa\u017cery st\u00f3p<\/a>\n\t\t\t\t\t\t\t<sr7-txt id=\"whatshot-30-9\" class=\"sr7-layer\">TECHNOLOGIE DLA \u015aRODOWISKA<\/sr7-txt>\n\t\t\t\t\t\t\t<a id=\"whatshot-30-10\" class=\"sr7-layer\" href=\"http:\/\/companylux.pl\/index.php\/kategoria-produktu\/odnawialne-zrodla-energii\/\" target=\"_self\">Zdrowe powietrze <\/BR>\ni czysta energia<\/a>\n\t\t\t\t\t\t\t<sr7-txt id=\"whatshot-30-11\" class=\"sr7-layer\">MASA\u017bERY<\/sr7-txt>\n\t\t\t\t\t\t\t<a id=\"whatshot-30-12\" class=\"sr7-layer\" href=\"http:\/\/companylux.pl\/index.php\/kategoria-produktu\/urzadzenia-agd\/\" target=\"_self\">Sprz\u0119ty, kt\u00f3re u\u0142atwiaj\u0105 \u017cycie<\/a>\n\t\t\t\t\t\t\t<sr7-txt id=\"whatshot-30-15\" class=\"sr7-layer\">SPORT I ZDROWIE<\/sr7-txt>\n\t\t\t\t\t\t\t<a id=\"whatshot-30-16\" class=\"sr7-layer\" href=\"http:\/\/companylux.pl\/index.php\/kategoria-produktu\/rowery-elektryczne\/\" target=\"_self\">Rowery elektryczne<\/a>\n\t\t\t\t\t\t\t<sr7-txt id=\"whatshot-30-18\" class=\"sr7-layer\">SPRZ\u0104TANIE<\/sr7-txt>\n\t\t\t\t\t\t\t<a id=\"whatshot-30-19\" class=\"sr7-layer\" href=\"http:\/\/companylux.pl\/index.php\/kategoria-produktu\/odkurzacze\/\" target=\"_self\">Odkurzacze bezprzewodowe<\/a>\n\t\t\t\t\t\t\t<sr7-txt id=\"whatshot-30-21\" class=\"sr7-layer\">Czysta woda<\/sr7-txt>\n\t\t\t\t\t\t\t<a id=\"whatshot-30-22\" class=\"sr7-layer\" href=\"http:\/\/companylux.pl\/index.php\/kategoria-produktu\/urzadzenia-agd\/\" target=\"_self\">Filtry i stacje do wody<\/a>\n\t\t\t\t\t\t<\/sr7-slide>\n\t\t\t\t\t\t<sr7-slide id=\"whatshot-31\" data-key=\"31\">\n\t\t\t\t\t\t<\/sr7-slide>\n\t\t\t\t\t<\/sr7-content>\n\t\t\t\t\t<image_lists style=\"display:none\">\n\t\t\t\t\t\t<img data-src=\"\/\/companylux.pl\/wp-content\/uploads\/revslider\/goodnewswhatshot1\/image7.jpeg\" data-libid=\"5980\" title=\"image7.jpeg\" width=\"0\" height=\"0\" data-dbsrc=\"Ly9jb21wYW55bHV4LnBsL3dwLWNvbnRlbnQvdXBsb2Fkcy9yZXZzbGlkZXIvZ29vZG5ld3N3aGF0c2hvdDEvaW1hZ2U3LmpwZWc=\"\/>\n\t\t\t\t\t\t<img data-src=\"\/\/companylux.pl\/wp-content\/uploads\/2025\/03\/thermochefmix-3a.png\" data-libid=\"6041\" title=\"thermochefmix-3a\" width=\"0\" height=\"0\" data-dbsrc=\"Ly9jb21wYW55bHV4LnBsL3dwLWNvbnRlbnQvdXBsb2Fkcy8yMDI1LzAzL3RoZXJtb2NoZWZtaXgtM2EucG5n\"\/>\n\t\t\t\t\t\t<img data-src=\"\/\/companylux.pl\/wp-content\/uploads\/revslider\/goodnewswhatshot1\/IMG_1247.png\" data-libid=\"5982\" title=\"IMG_1247.png\" width=\"0\" height=\"0\" data-dbsrc=\"Ly9jb21wYW55bHV4LnBsL3dwLWNvbnRlbnQvdXBsb2Fkcy9yZXZzbGlkZXIvZ29vZG5ld3N3aGF0c2hvdDEvSU1HXzEyNDcucG5n\"\/>\n\t\t\t\t\t\t<img loading=\"lazy\" data-src=\"\/\/companylux.pl\/wp-content\/uploads\/revslider\/goodnewswhatshot1\/Groclin1.jpg\" data-libid=\"5983\" title=\"Groclin1.jpg\" width=\"0\" height=\"0\" data-dbsrc=\"Ly9jb21wYW55bHV4LnBsL3dwLWNvbnRlbnQvdXBsb2Fkcy9yZXZzbGlkZXIvZ29vZG5ld3N3aGF0c2hvdDEvR3JvY2xpbjEuanBn\"\/>\n\t\t\t\t\t\t<img loading=\"lazy\" data-src=\"\/\/companylux.pl\/wp-content\/uploads\/revslider\/goodnewswhatshot1\/image2.jpeg\" data-libid=\"5984\" title=\"image2.jpeg\" width=\"0\" height=\"0\" data-dbsrc=\"Ly9jb21wYW55bHV4LnBsL3dwLWNvbnRlbnQvdXBsb2Fkcy9yZXZzbGlkZXIvZ29vZG5ld3N3aGF0c2hvdDEvaW1hZ2UyLmpwZWc=\"\/>\n\t\t\t\t\t\t<img loading=\"lazy\" data-src=\"\/\/companylux.pl\/wp-content\/uploads\/2024\/05\/ozonwater-1.png\" data-libid=\"5472\" title=\"ozonwater\" width=\"0\" height=\"0\" data-dbsrc=\"Ly9jb21wYW55bHV4LnBsL3dwLWNvbnRlbnQvdXBsb2Fkcy8yMDI0LzA1L296b253YXRlci0xLnBuZw==\"\/>\n\t\t\t\t\t<\/image_lists>\n\t\t\t\t<\/sr7-module>\n\t\t\t\t<script>\n\t\t\t\t\tSR7.PMH ??={}; SR7.PMH[\"whatshot\"] = {cn:100,state:false,fn: function() { if (_tpt!==undefined && _tpt.prepareModuleHeight !== undefined) {  _tpt.prepareModuleHeight({id:\"whatshot\",el:[860,860,860,2014,2144],type:'hero',shdw:'0',gh:[820,820,820,960,720],gw:[1240,1240,1024,778,480],vpt:['20%&#039;,&#039;20%&#039;,&#039;20%&#039;,&#039;20%&#039;,&#039;20%'],size:{fullWidth:true, fullHeight:false},mh:'0',onh:0,onw:0,bg:{color:'{\"type\":\"solid\",\"orig\":\"#eeeeee\",\"string\":\"rgba(238, 238, 238, 1)\"}'},plType:'3',plColor:'#FFFFFF'});   SR7.PMH[\"whatshot\"].state=true;} else if(SR7.PMH[\"whatshot\"].cn-->0)\tsetTimeout( SR7.PMH[\"whatshot\"].fn,19);}};SR7.PMH[\"whatshot\" ].fn();\n\t\t\t\t<\/script>\n<\/div>\n\n\n\n<div class=\"wp-block-themepunch-revslider revslider\" data-modal=\"false\" data-slidertitle=\"Goodnews Footer1\" style=\"\">\n\t\t\t\t<p class=\"rs-p-wp-fix\"><\/p>\n\t\t\t\t<sr7-module data-alias=\"goodnewsfooter1\" data-id=\"10\" id=\"SR7_10_4\" class=\"rs-ov-hidden\" data-version=\"6.7.29\">\n\t\t\t\t\t<sr7-adjuster><\/sr7-adjuster>\n\t\t\t\t\t<sr7-content>\n\t\t\t\t\t\t<sr7-slide id=\"SR7_10_4-22\" data-key=\"22\">\n\t\t\t\t\t\t\t<a id=\"SR7_10_4-22-9\" class=\"sr7-layer\" href=\"http:\/\/companylux.pl\/index.php\/regulamin\/\" target=\"_self\">Regulamin sklepu<\/a>\n\t\t\t\t\t\t\t<sr7-txt id=\"SR7_10_4-22-23\" class=\"sr7-layer\">Regulamin<\/sr7-txt>\n\t\t\t\t\t\t\t<a id=\"SR7_10_4-22-38\" class=\"sr7-layer\" href=\"#\" target=\"_blank\" rel=\"noopener\"><\/a>\n\t\t\t\t\t\t\t<a id=\"SR7_10_4-22-40\" class=\"sr7-layer\" href=\"#\" target=\"_blank\" rel=\"noopener\">9:00 \u2013 15:00<\/a>\n\t\t\t\t\t\t\t<a id=\"SR7_10_4-22-42\" class=\"sr7-layer\" href=\"#\" target=\"_blank\" rel=\"noopener\">Tel: 782 437 400<\/a>\n\t\t\t\t\t\t\t<a id=\"SR7_10_4-22-43\" class=\"sr7-layer\" href=\"https:\/\/www.youtube.com\/playlist?list=PLSCdqDWVMJPPXEuOEqYEQMAsp0vAYw52_\" target=\"_blank\" rel=\"noopener\">Email: biuro@companylux.pl<\/a>\n\t\t\t\t\t\t\t<sr7-txt id=\"SR7_10_4-22-54\" class=\"sr7-layer\">Godziny otwarcia<\/sr7-txt>\n\t\t\t\t\t\t\t<sr7-txt id=\"SR7_10_4-22-55\" class=\"sr7-layer\">Company Lux Sp. z o.o. Sp.K.<\/sr7-txt>\n\t\t\t\t\t\t<\/sr7-slide>\n\t\t\t\t\t\t<sr7-slide id=\"SR7_10_4-23\" data-key=\"23\">\n\t\t\t\t\t\t<\/sr7-slide>\n\t\t\t\t\t<\/sr7-content>\n\t\t\t\t<\/sr7-module>\n\t\t\t\t<script>\n\t\t\t\t\tSR7.PMH ??={}; SR7.PMH[\"SR7_10_4\"] = {cn:100,state:false,fn: function() { if (_tpt!==undefined && _tpt.prepareModuleHeight !== undefined) {  _tpt.prepareModuleHeight({id:\"SR7_10_4\",el:[534,534,400,500,740],type:'hero',shdw:'0',gh:[400,400,400,500,500],gw:[1240,1240,1024,778,480],vpt:['20%&#039;,&#039;20%&#039;,&#039;20%&#039;,&#039;20%&#039;,&#039;20%'],size:{fullWidth:true, fullHeight:false},mh:'0',onh:0,onw:0,bg:{color:'{\"type\":\"solid\",\"orig\":\"#2d3032\",\"string\":\"rgba(45, 48, 50, 1)\"}'},plType:'-1',plColor:'#313437'});   SR7.PMH[\"SR7_10_4\"].state=true;} else if(SR7.PMH[\"SR7_10_4\"].cn-->0)\tsetTimeout( SR7.PMH[\"SR7_10_4\"].fn,19);}};SR7.PMH[\"SR7_10_4\" ].fn();\n\t\t\t\t<\/script>\n<\/div>\n","protected":false},"excerpt":{"rendered":"","protected":false},"author":1,"featured_media":0,"parent":0,"menu_order":0,"comment_status":"closed","ping_status":"closed","template":"..\/public\/views\/revslider-page-template.php","meta":{"footnotes":""},"class_list":["post-47","page","type-page","status-publish","hentry"],"_links":{"self":[{"href":"https:\/\/companylux.pl\/index.php\/wp-json\/wp\/v2\/pages\/47","targetHints":{"allow":["GET"]}}],"collection":[{"href":"https:\/\/companylux.pl\/index.php\/wp-json\/wp\/v2\/pages"}],"about":[{"href":"https:\/\/companylux.pl\/index.php\/wp-json\/wp\/v2\/types\/page"}],"author":[{"embeddable":true,"href":"https:\/\/companylux.pl\/index.php\/wp-json\/wp\/v2\/users\/1"}],"replies":[{"embeddable":true,"href":"https:\/\/companylux.pl\/index.php\/wp-json\/wp\/v2\/comments?post=47"}],"version-history":[{"count":3,"href":"https:\/\/companylux.pl\/index.php\/wp-json\/wp\/v2\/pages\/47\/revisions"}],"predecessor-version":[{"id":5987,"href":"https:\/\/companylux.pl\/index.php\/wp-json\/wp\/v2\/pages\/47\/revisions\/5987"}],"wp:attachment":[{"href":"https:\/\/companylux.pl\/index.php\/wp-json\/wp\/v2\/media?parent=47"}],"curies":[{"name":"wp","href":"https:\/\/api.w.org\/{rel}","templated":true}]}}